{"id":481,"date":"2023-12-13T10:12:26","date_gmt":"2023-12-13T10:12:26","guid":{"rendered":"https:\/\/saint.bhpmedia.ca\/?page_id=481"},"modified":"2024-03-06T16:32:53","modified_gmt":"2024-03-06T16:32:53","slug":"volunteers","status":"publish","type":"page","link":"https:\/\/saint.bhpmedia.ca\/francais\/volunteers\/","title":{"rendered":"B\u00e9n\u00e9voles"},"content":{"rendered":"<div data-elementor-type=\"wp-page\" data-elementor-id=\"481\" class=\"elementor elementor-481\" data-elementor-post-type=\"page\">\n\t\t\t\t\t\t<section class=\"elementor-section elementor-top-section elementor-element elementor-element-9555b49 elementor-section-height-min-height elementor-section-boxed elementor-section-height-default elementor-section-items-middle\" data-id=\"9555b49\" data-element_type=\"section\" data-settings=\"{&quot;background_background&quot;:&quot;classic&quot;}\">\n\t\t\t\t\t\t<div class=\"elementor-container elementor-column-gap-default\">\n\t\t\t\t\t<div class=\"elementor-column elementor-col-100 elementor-top-column elementor-element elementor-element-464ded0\" data-id=\"464ded0\" data-element_type=\"column\">\n\t\t\t<div class=\"elementor-widget-wrap\">\n\t\t\t\t\t\t\t<\/div>\n\t\t<\/div>\n\t\t\t\t\t<\/div>\n\t\t<\/section>\n\t\t\t\t<section class=\"elementor-section elementor-top-section elementor-element elementor-element-d24815c elementor-section-boxed elementor-section-height-default elementor-section-height-default\" data-id=\"d24815c\" data-element_type=\"section\">\n\t\t\t\t\t\t<div class=\"elementor-container elementor-column-gap-default\">\n\t\t\t\t\t<div class=\"elementor-column elementor-col-100 elementor-top-column elementor-element elementor-element-ececbff\" data-id=\"ececbff\" data-element_type=\"column\">\n\t\t\t<div class=\"elementor-widget-wrap elementor-element-populated\">\n\t\t\t\t\t\t<div class=\"elementor-element elementor-element-fb2551b elementor-widget elementor-widget-heading\" data-id=\"fb2551b\" data-element_type=\"widget\" data-widget_type=\"heading.default\">\n\t\t\t\t<div class=\"elementor-widget-container\">\n\t\t\t<style>\/*! elementor - v3.20.0 - 20-03-2024 *\/\n.elementor-heading-title{padding:0;margin:0;line-height:1}.elementor-widget-heading .elementor-heading-title[class*=elementor-size-]>a{color:inherit;font-size:inherit;line-height:inherit}.elementor-widget-heading .elementor-heading-title.elementor-size-small{font-size:15px}.elementor-widget-heading .elementor-heading-title.elementor-size-medium{font-size:19px}.elementor-widget-heading .elementor-heading-title.elementor-size-large{font-size:29px}.elementor-widget-heading .elementor-heading-title.elementor-size-xl{font-size:39px}.elementor-widget-heading .elementor-heading-title.elementor-size-xxl{font-size:59px}<\/style><h2 class=\"elementor-heading-title elementor-size-default\">B\u00c9N\u00c9VOLES<\/h2>\t\t<\/div>\n\t\t\t\t<\/div>\n\t\t\t\t<section class=\"elementor-section elementor-inner-section elementor-element elementor-element-11b34a1 elementor-section-boxed elementor-section-height-default elementor-section-height-default\" data-id=\"11b34a1\" data-element_type=\"section\">\n\t\t\t\t\t\t<div class=\"elementor-container elementor-column-gap-default\">\n\t\t\t\t\t<div class=\"elementor-column elementor-col-33 elementor-inner-column elementor-element elementor-element-a0e77d9\" data-id=\"a0e77d9\" data-element_type=\"column\">\n\t\t\t<div class=\"elementor-widget-wrap\">\n\t\t\t\t\t\t\t<\/div>\n\t\t<\/div>\n\t\t\t\t<div class=\"elementor-column elementor-col-33 elementor-inner-column elementor-element elementor-element-eb75320\" data-id=\"eb75320\" data-element_type=\"column\">\n\t\t\t<div class=\"elementor-widget-wrap elementor-element-populated\">\n\t\t\t\t\t\t<div class=\"elementor-element elementor-element-84d3205 elementor-widget elementor-widget-heading\" data-id=\"84d3205\" data-element_type=\"widget\" data-widget_type=\"heading.default\">\n\t\t\t\t<div class=\"elementor-widget-container\">\n\t\t\t<p class=\"elementor-heading-title elementor-size-default\">Si vous \u00eates int\u00e9ress\u00e9 \u00e0 \u00eatre une partie active de CS Saint-Laurent en tant que b\u00e9n\u00e9vole, veuillez remplir et soumettre le formulaire suivant :<\/p>\t\t<\/div>\n\t\t\t\t<\/div>\n\t\t\t\t\t<\/div>\n\t\t<\/div>\n\t\t\t\t<div class=\"elementor-column elementor-col-33 elementor-inner-column elementor-element elementor-element-98748eb\" data-id=\"98748eb\" data-element_type=\"column\">\n\t\t\t<div class=\"elementor-widget-wrap\">\n\t\t\t\t\t\t\t<\/div>\n\t\t<\/div>\n\t\t\t\t\t<\/div>\n\t\t<\/section>\n\t\t\t\t<div class=\"elementor-element elementor-element-bc1d816 elementor-widget elementor-widget-spacer\" data-id=\"bc1d816\" data-element_type=\"widget\" data-widget_type=\"spacer.default\">\n\t\t\t\t<div class=\"elementor-widget-container\">\n\t\t\t<style>\/*! elementor - v3.20.0 - 20-03-2024 *\/\n.elementor-column .elementor-spacer-inner{height:var(--spacer-size)}.e-con{--container-widget-width:100%}.e-con-inner>.elementor-widget-spacer,.e-con>.elementor-widget-spacer{width:var(--container-widget-width,var(--spacer-size));--align-self:var(--container-widget-align-self,initial);--flex-shrink:0}.e-con-inner>.elementor-widget-spacer>.elementor-widget-container,.e-con>.elementor-widget-spacer>.elementor-widget-container{height:100%;width:100%}.e-con-inner>.elementor-widget-spacer>.elementor-widget-container>.elementor-spacer,.e-con>.elementor-widget-spacer>.elementor-widget-container>.elementor-spacer{height:100%}.e-con-inner>.elementor-widget-spacer>.elementor-widget-container>.elementor-spacer>.elementor-spacer-inner,.e-con>.elementor-widget-spacer>.elementor-widget-container>.elementor-spacer>.elementor-spacer-inner{height:var(--container-widget-height,var(--spacer-size))}.e-con-inner>.elementor-widget-spacer.elementor-widget-empty,.e-con>.elementor-widget-spacer.elementor-widget-empty{position:relative;min-height:22px;min-width:22px}.e-con-inner>.elementor-widget-spacer.elementor-widget-empty .elementor-widget-empty-icon,.e-con>.elementor-widget-spacer.elementor-widget-empty .elementor-widget-empty-icon{position:absolute;top:0;bottom:0;left:0;right:0;margin:auto;padding:0;width:22px;height:22px}<\/style>\t\t<div class=\"elementor-spacer\">\n\t\t\t<div class=\"elementor-spacer-inner\"><\/div>\n\t\t<\/div>\n\t\t\t\t<\/div>\n\t\t\t\t<\/div>\n\t\t\t\t<div class=\"elementor-element elementor-element-ef94a75 elementor-widget elementor-widget-heading\" data-id=\"ef94a75\" data-element_type=\"widget\" data-widget_type=\"heading.default\">\n\t\t\t\t<div class=\"elementor-widget-container\">\n\t\t\t<p class=\"elementor-heading-title elementor-size-default\">FORMULAIRE DE B\u00c9N\u00c9VOLAT<\/p>\t\t<\/div>\n\t\t\t\t<\/div>\n\t\t\t\t<div class=\"elementor-element elementor-element-057c0e4 elementor-widget elementor-widget-wpforms\" data-id=\"057c0e4\" data-element_type=\"widget\" data-widget_type=\"wpforms.default\">\n\t\t\t\t<div class=\"elementor-widget-container\">\n\t\t\t<style id=\"wpforms-css-vars-root\">\n\t\t\t\t:root {\n\t\t\t\t\t--wpforms-field-border-radius: 3px;\n--wpforms-field-background-color: #ffffff;\n--wpforms-field-border-color: rgba( 0, 0, 0, 0.25 );\n--wpforms-field-text-color: rgba( 0, 0, 0, 0.7 );\n--wpforms-label-color: rgba( 0, 0, 0, 0.85 );\n--wpforms-label-sublabel-color: rgba( 0, 0, 0, 0.55 );\n--wpforms-label-error-color: #d63637;\n--wpforms-button-border-radius: 3px;\n--wpforms-button-background-color: #066aab;\n--wpforms-button-text-color: #ffffff;\n--wpforms-page-break-color: #066aab;\n--wpforms-field-size-input-height: 43px;\n--wpforms-field-size-input-spacing: 15px;\n--wpforms-field-size-font-size: 16px;\n--wpforms-field-size-line-height: 19px;\n--wpforms-field-size-padding-h: 14px;\n--wpforms-field-size-checkbox-size: 16px;\n--wpforms-field-size-sublabel-spacing: 5px;\n--wpforms-field-size-icon-size: 1;\n--wpforms-label-size-font-size: 16px;\n--wpforms-label-size-line-height: 19px;\n--wpforms-label-size-sublabel-font-size: 14px;\n--wpforms-label-size-sublabel-line-height: 17px;\n--wpforms-button-size-font-size: 17px;\n--wpforms-button-size-height: 41px;\n--wpforms-button-size-padding-h: 15px;\n--wpforms-button-size-margin-top: 10px;\n\n\t\t\t\t}\n\t\t\t<\/style><style id=\"wpforms-css-vars-elementor-widget-057c0e4\">\n\t\t\t\t.elementor-widget-wpforms.elementor-element-057c0e4 {\n\t\t\t\t\t--wpforms-button-border-radius: 0px;\n--wpforms-button-background-color: #EA651C;\n--wpforms-field-size-input-height: 43px;\n--wpforms-field-size-input-spacing: 15px;\n--wpforms-field-size-font-size: 16px;\n--wpforms-field-size-line-height: 19px;\n--wpforms-field-size-padding-h: 14px;\n--wpforms-field-size-checkbox-size: 16px;\n--wpforms-field-size-sublabel-spacing: 5px;\n--wpforms-field-size-icon-size: 1;\n--wpforms-label-size-font-size: 16px;\n--wpforms-label-size-line-height: 19px;\n--wpforms-label-size-sublabel-font-size: 14px;\n--wpforms-label-size-sublabel-line-height: 17px;\n--wpforms-button-size-font-size: 20px;\n--wpforms-button-size-height: 48px;\n--wpforms-button-size-padding-h: 20px;\n--wpforms-button-size-margin-top: 15px;\n\n\t\t\t\t}\n\t\t\t<\/style><div class=\"wpforms-container wpforms-container-full wpforms-render-modern\" id=\"wpforms-506\"><form id=\"wpforms-form-506\" class=\"wpforms-validate wpforms-form wpforms-ajax-form\" data-formid=\"506\" method=\"post\" enctype=\"multipart\/form-data\" action=\"\/francais\/wp-json\/wp\/v2\/pages\/481\" data-token=\"e237272c4572e6768e2a81b8a9e01f39\" data-trp-original-action=\"\/francais\/wp-json\/wp\/v2\/pages\/481\"><noscript class=\"wpforms-error-noscript\">Please enable JavaScript in your browser to complete this form.<\/noscript><div class=\"wpforms-hidden\" id=\"wpforms-error-noscript\">Please enable JavaScript in your browser to complete this form.<\/div><div class=\"wpforms-field-container\"><div id=\"wpforms-506-field_2-container\" class=\"wpforms-field wpforms-field-text wpforms-one-half wpforms-first\" data-field-id=\"2\"><label class=\"wpforms-field-label wpforms-label-hide\" for=\"wpforms-506-field_2\" aria-hidden=\"false\">Pr\u00e9nom<\/label><input type=\"text\" id=\"wpforms-506-field_2\" class=\"wpforms-field-large\" name=\"wpforms[fields][2]\" placeholder=\"PR\u00c9NOM\" aria-errormessage=\"wpforms-506-field_2-error\" ><\/div><div id=\"wpforms-506-field_3-container\" class=\"wpforms-field wpforms-field-text wpforms-one-half\" data-field-id=\"3\"><label class=\"wpforms-field-label wpforms-label-hide\" for=\"wpforms-506-field_3\" aria-hidden=\"false\">Surname<\/label><input type=\"text\" id=\"wpforms-506-field_3\" class=\"wpforms-field-large\" name=\"wpforms[fields][3]\" placeholder=\"NOM DE FAMILLE\" aria-errormessage=\"wpforms-506-field_3-error\" ><\/div><div id=\"wpforms-506-field_4-container\" class=\"wpforms-field wpforms-field-text wpforms-one-half wpforms-first\" data-field-id=\"4\"><label class=\"wpforms-field-label wpforms-label-hide\" for=\"wpforms-506-field_4\" aria-hidden=\"false\">Date of Birth<\/label><input type=\"text\" id=\"wpforms-506-field_4\" class=\"wpforms-field-large\" name=\"wpforms[fields][4]\" placeholder=\"DATE DE NAISSANCE\" aria-errormessage=\"wpforms-506-field_4-error\" ><\/div><div id=\"wpforms-506-field_5-container\" class=\"wpforms-field wpforms-field-text wpforms-one-half\" data-field-id=\"5\"><label class=\"wpforms-field-label wpforms-label-hide\" for=\"wpforms-506-field_5\" aria-hidden=\"false\">Date<\/label><input type=\"text\" id=\"wpforms-506-field_5\" class=\"wpforms-field-large\" name=\"wpforms[fields][5]\" placeholder=\"DATE\" aria-errormessage=\"wpforms-506-field_5-error\" ><\/div><div id=\"wpforms-506-field_6-container\" class=\"wpforms-field wpforms-field-text wpforms-one-half wpforms-first\" data-field-id=\"6\"><label class=\"wpforms-field-label wpforms-label-hide\" for=\"wpforms-506-field_6\" aria-hidden=\"false\">Address<\/label><input type=\"text\" id=\"wpforms-506-field_6\" class=\"wpforms-field-large\" name=\"wpforms[fields][6]\" placeholder=\"ADRESSE\" aria-errormessage=\"wpforms-506-field_6-error\" ><\/div><div id=\"wpforms-506-field_7-container\" class=\"wpforms-field wpforms-field-text wpforms-one-half\" data-field-id=\"7\"><label class=\"wpforms-field-label wpforms-label-hide\" for=\"wpforms-506-field_7\" aria-hidden=\"false\">Ville<\/label><input type=\"text\" id=\"wpforms-506-field_7\" class=\"wpforms-field-large\" name=\"wpforms[fields][7]\" placeholder=\"VILLE\" aria-errormessage=\"wpforms-506-field_7-error\" ><\/div><div id=\"wpforms-506-field_8-container\" class=\"wpforms-field wpforms-field-text wpforms-one-third wpforms-first\" data-field-id=\"8\"><label class=\"wpforms-field-label wpforms-label-hide\" for=\"wpforms-506-field_8\" aria-hidden=\"false\">Code postal<\/label><input type=\"text\" id=\"wpforms-506-field_8\" class=\"wpforms-field-large\" name=\"wpforms[fields][8]\" placeholder=\"CODE POSTAL\" aria-errormessage=\"wpforms-506-field_8-error\" ><\/div><div id=\"wpforms-506-field_9-container\" class=\"wpforms-field wpforms-field-text wpforms-one-third\" data-field-id=\"9\"><label class=\"wpforms-field-label wpforms-label-hide\" for=\"wpforms-506-field_9\" aria-hidden=\"false\">Tel<\/label><input type=\"text\" id=\"wpforms-506-field_9\" class=\"wpforms-field-large\" name=\"wpforms[fields][9]\" placeholder=\"TEL.\" aria-errormessage=\"wpforms-506-field_9-error\" ><\/div><div id=\"wpforms-506-field_10-container\" class=\"wpforms-field wpforms-field-text wpforms-one-third\" data-field-id=\"10\"><label class=\"wpforms-field-label wpforms-label-hide\" for=\"wpforms-506-field_10\" aria-hidden=\"false\">Email<\/label><input type=\"text\" id=\"wpforms-506-field_10\" class=\"wpforms-field-large\" name=\"wpforms[fields][10]\" placeholder=\"EMAIL\" aria-errormessage=\"wpforms-506-field_10-error\" ><\/div><\/div><!-- .wpforms-field-container --><div class=\"wpforms-submit-container\" ><input type=\"hidden\" name=\"wpforms[id]\" value=\"506\"><input type=\"hidden\" name=\"wpforms[author]\" value=\"1\"><button type=\"submit\" name=\"wpforms[submit]\" id=\"wpforms-submit-506\" class=\"wpforms-submit\" data-alt-text=\"Sending...\" data-submit-text=\"SUBMIT\" aria-live=\"assertive\" value=\"wpforms-submit\">SOUMETTRE<\/button><img decoding=\"async\" src=\"https:\/\/saint.bhpmedia.ca\/wp-content\/plugins\/wpforms\/assets\/images\/submit-spin.svg\" class=\"wpforms-submit-spinner\" style=\"display: none;\" width=\"26\" height=\"26\" alt=\"Loading\"><\/div><input type=\"hidden\" name=\"trp-form-language\" value=\"francais\"\/><\/form><\/div>  <!-- .wpforms-container -->\t\t<\/div>\n\t\t\t\t<\/div>\n\t\t\t\t\t<\/div>\n\t\t<\/div>\n\t\t\t\t\t<\/div>\n\t\t<\/section>\n\t\t\t\t<\/div>","protected":false},"excerpt":{"rendered":"<p>VOLUNTEERS If you are interested in being an active part of CS Saint-Laurent as a volunteer, please complete and submit the following form: VOLUNTEERING FORM Please enable JavaScript in your browser to complete this form.Please enable JavaScript in your browser to complete this form.First NameSurnameDate of BirthDateAddressCityPostal CodeTelEmail SUBMIT<\/p>","protected":false},"author":1,"featured_media":0,"parent":0,"menu_order":0,"comment_status":"closed","ping_status":"closed","template":"","meta":{"footnotes":""},"class_list":["post-481","page","type-page","status-publish","hentry"],"_links":{"self":[{"href":"https:\/\/saint.bhpmedia.ca\/francais\/wp-json\/wp\/v2\/pages\/481","targetHints":{"allow":["GET"]}}],"collection":[{"href":"https:\/\/saint.bhpmedia.ca\/francais\/wp-json\/wp\/v2\/pages"}],"about":[{"href":"https:\/\/saint.bhpmedia.ca\/francais\/wp-json\/wp\/v2\/types\/page"}],"author":[{"embeddable":true,"href":"https:\/\/saint.bhpmedia.ca\/francais\/wp-json\/wp\/v2\/users\/1"}],"replies":[{"embeddable":true,"href":"https:\/\/saint.bhpmedia.ca\/francais\/wp-json\/wp\/v2\/comments?post=481"}],"version-history":[{"count":67,"href":"https:\/\/saint.bhpmedia.ca\/francais\/wp-json\/wp\/v2\/pages\/481\/revisions"}],"predecessor-version":[{"id":2072,"href":"https:\/\/saint.bhpmedia.ca\/francais\/wp-json\/wp\/v2\/pages\/481\/revisions\/2072"}],"wp:attachment":[{"href":"https:\/\/saint.bhpmedia.ca\/francais\/wp-json\/wp\/v2\/media?parent=481"}],"curies":[{"name":"wp","href":"https:\/\/api.w.org\/{rel}","templated":true}]}}