{"id":2186,"date":"2024-03-08T14:59:45","date_gmt":"2024-03-08T14:59:45","guid":{"rendered":"https:\/\/saint.bhpmedia.ca\/?page_id=2186"},"modified":"2024-03-08T15:04:03","modified_gmt":"2024-03-08T15:04:03","slug":"code-of-conduct","status":"publish","type":"page","link":"https:\/\/saint.bhpmedia.ca\/francais\/code-of-conduct\/","title":{"rendered":"CODE DE CONDUITE"},"content":{"rendered":"<div data-elementor-type=\"wp-page\" data-elementor-id=\"2186\" class=\"elementor elementor-2186\" data-elementor-post-type=\"page\">\n\t\t\t\t\t\t<section class=\"elementor-section elementor-top-section elementor-element elementor-element-e995e44 elementor-section-boxed elementor-section-height-default elementor-section-height-default\" data-id=\"e995e44\" data-element_type=\"section\">\n\t\t\t\t\t\t<div class=\"elementor-container elementor-column-gap-default\">\n\t\t\t\t\t<div class=\"elementor-column elementor-col-100 elementor-top-column elementor-element elementor-element-37094d4\" data-id=\"37094d4\" data-element_type=\"column\">\n\t\t\t<div class=\"elementor-widget-wrap elementor-element-populated\">\n\t\t\t\t\t\t<div class=\"elementor-element elementor-element-8a08786 elementor-widget elementor-widget-text-editor\" data-id=\"8a08786\" data-element_type=\"widget\" data-widget_type=\"text-editor.default\">\n\t\t\t\t<div class=\"elementor-widget-container\">\n\t\t\t<style>\/*! elementor - v3.20.0 - 20-03-2024 *\/\n.elementor-widget-text-editor.elementor-drop-cap-view-stacked .elementor-drop-cap{background-color:#69727d;color:#fff}.elementor-widget-text-editor.elementor-drop-cap-view-framed .elementor-drop-cap{color:#69727d;border:3px solid;background-color:transparent}.elementor-widget-text-editor:not(.elementor-drop-cap-view-default) .elementor-drop-cap{margin-top:8px}.elementor-widget-text-editor:not(.elementor-drop-cap-view-default) .elementor-drop-cap-letter{width:1em;height:1em}.elementor-widget-text-editor .elementor-drop-cap{float:left;text-align:center;line-height:1;font-size:50px}.elementor-widget-text-editor .elementor-drop-cap-letter{display:inline-block}<\/style>\t\t\t\t<h2 style=\"text-align: center;\"><strong>CS SAINT-LAURENT<\/strong><\/h2><h2 style=\"text-align: center;\"><strong>Code d'\u00e9thique et d'\u00e9quit\u00e9.<\/strong><\/h2><p><strong>Voici des exemples de comportements de jeu \u00e9quitable pour les athl\u00e8tes, les parents et les entra\u00eeneurs :<\/strong>.<\/p><h1>Joueurs<\/h1><ul><li>J'encouragerai les autres joueurs, les entra\u00eeneurs, les officiels et les parents \u00e0 faire preuve d'un bon esprit sportif en tout temps.<\/li><li>Je me souviendrai que le soccer est une occasion d'apprendre et de s'amuser.<\/li><li>Je ferai de mon mieux \u00e0 chaque jour, en me rappelant que tous les joueurs ont des habilet\u00e9s et des faiblesses, comme moi.<\/li><li>Je traiterai mes entra\u00eeneurs, les autres joueurs et entra\u00eeneurs, les officiels du jeu, les autres administrateurs et les supporters avec respect en tout temps; peu importe la race, le sexe, la croyance ou les capacit\u00e9s, et je m'attends \u00e0 \u00eatre trait\u00e9 de la m\u00eame mani\u00e8re.<\/li><li>Je me concentrerai sur le jeu en donnant toujours le meilleur de moi-m\u00eame.<\/li><li>Je suivrai toutes les r\u00e8gles de la FIFA, de la QSF, de la LSL, de St-Laurent et de mon propre \u00e9quipe et ne chercherai jamais \u00e0 enfreindre une r\u00e8gle.<\/li><li>Je viserai une comp\u00e9tition \u00e9quitable, en utilisant le talent et les capacit\u00e9s pour gagner ; je refuse de gagner par des moyens ill\u00e9gaux ou par la tricherie.<\/li><li>Je contr\u00f4lerai en tout temps mon temp\u00e9rament, en r\u00e9sistant \u00e0 la tentation de riposter, ce qui signifie que je ferai preuve de ma\u00eetrise de soi.<\/li><li>Je comprends que je participe \u00e0 un niveau comp\u00e9titif et que le temps de jeu est d\u00e9termin\u00e9 par mon entra\u00eeneur et bas\u00e9 sur une \u00e9valuation de mes performances sur et hors du terrain.<\/li><li>Je viendrai pr\u00e9par\u00e9(e) aux deux entra\u00eenements et matchs, et je comprends que si je n'assiste pas \u00e0 l'entra\u00eenement, mon entra\u00eeneur peut d\u00e9cider \u00e0 sa discr\u00e9tion de me laisser sur le banc lors d'un match.<\/li><li>Lire et respecter la Section 4.3 du Code de conduite de Soccer Canada (<a href=\"https:\/\/soccerquebec.org\/programme-reconnaissance-des-clubs\/wp-content\/uploads\/2019\/07\/csa-code-of-conduct-and-ethics-final-220917-fr-1-2.pdf\">https:\/\/soccerquebec.org\/programme-reconnaissance-des-clubs\/wp-<\/a> <a href=\"https:\/\/soccerquebec.org\/programme-reconnaissance-des-clubs\/wp-content\/uploads\/2019\/07\/csa-code-of-conduct-and-ethics-final-220917-fr-1-2.pdf\">content\/uploads\/2019\/07\/csa-code-of-conduct-and-ethics-final-220917-fr-<\/a> <a href=\"https:\/\/soccerquebec.org\/programme-reconnaissance-des-clubs\/wp-content\/uploads\/2019\/07\/csa-code-of-conduct-and-ethics-final-220917-fr-1-2.pdf\">1-2.pdf<\/a>).<\/li><li>Je suis conscient de mes droits et obligations en vertu de la politique du Club concernant les comportements appropri\u00e9s \/ inappropri\u00e9s entre adultes \/ jeunes et enfants (<a href=\"https:\/\/soccerquebec.org\/programme-reconnaissance-des-clubs\/wp-content\/uploads\/2019\/07\/c2k-coachingassoccanada-interacting-fr-2.pdf\">https:\/\/soccerquebec.org\/programme-reconnaissance-des-<\/a> <a href=\"https:\/\/soccerquebec.org\/programme-reconnaissance-des-clubs\/wp-content\/uploads\/2019\/07\/c2k-coachingassoccanada-interacting-fr-2.pdf\">clubs\/wp-content\/uploads\/2019\/07\/c2k-coachingassoccanada-interacting-<\/a> <a href=\"https:\/\/soccerquebec.org\/programme-reconnaissance-des-clubs\/wp-content\/uploads\/2019\/07\/c2k-coachingassoccanada-interacting-fr-2.pdf\">fr-2.pdf<\/a> and <a href=\"https:\/\/soccerquebec.org\/programme-reconnaissance-des-clubs\/wp-content\/uploads\/2019\/07\/c2k-stepsforreportinginappropriateconduct-fr.pdf\">https:\/\/soccerquebec.org\/programme-reconnaissance-des-<\/a> <a href=\"https:\/\/soccerquebec.org\/programme-reconnaissance-des-clubs\/wp-content\/uploads\/2019\/07\/c2k-stepsforreportinginappropriateconduct-fr.pdf\">clubs\/wp-content\/uploads\/2019\/07\/c2k-<\/a> <a href=\"https:\/\/soccerquebec.org\/programme-reconnaissance-des-clubs\/wp-content\/uploads\/2019\/07\/c2k-stepsforreportinginappropriateconduct-fr.pdf\">stepsforreportinginappropriateconduct-fr.pdf<\/a>).<\/li><\/ul><h1>\u00a0<\/h1><h1>Entra\u00eeneurs\/B\u00e9n\u00e9voles<\/h1><ul><li>Je ne placerai jamais la valeur de la victoire avant la s\u00e9curit\u00e9 et le bien-\u00eatre de tous les joueurs<\/li><li>Je montrerai toujours du respect envers les joueurs, les autres entra\u00eeneurs et le jeu<\/li><li>Je montrerai l'exemple en faisant preuve de jeu \u00e9quitable et d'esprit sportif en tout temps<\/li><li>Je conna\u00eetrai les r\u00e8gles du jeu et enseignerai ces r\u00e8gles \u00e0 mes joueurs.<\/li><li>Je ne vais jamais utiliser des propos abusifs ou insultants, je traiterai tout le monde avec dignit\u00e9.<\/li><li>Je ne tol\u00e9rerai pas de comportement inappropri\u00e9, peu importe la situation<\/li><li>Je comprends que les jeunes ont un besoin plus grand d'exemple, et je serai le principal mod\u00e8le de r\u00f4le en soccer.<\/li><li>Je me conduirai en tout temps de mani\u00e8re positive<\/li><li>Le coaching consiste \u00e0 motiver les joueurs \u00e0 donner le meilleur d'eux-m\u00eames, \u00e0 inspirer les joueurs \u00e0 apprendre, et \u00e0 encourager les joueurs \u00e0 garder la t\u00eate haute, que ce soit lors d'une victoire ou d'une d\u00e9faite<\/li><li>Les actions de l'entra\u00eeneur sur le bord du terrain pendant les matchs doivent \u00eatre dans l'esprit du \"fair-play\" en tout temps. Les jurons, les gestes vulgaires, les disputes, l'incitation \u00e0 un comportement perturbateur de la part des spectateurs et\/ou des joueurs, ou tout comportement contraire \u00e0 l'esprit du fair-play, n\u00e9cessiteront des mesures disciplinaires de la part du Club de soccer St. Laurent<\/li><li>Je conviens de me soumettre \u00e0 une v\u00e9rification polici\u00e8re telle que d\u00e9crite dans les statuts de la f\u00e9d\u00e9ration FSQ : <a href=\"http:\/\/www.federation-soccer.qc.ca\/fre\/administration\/1011.cfm\">http:\/\/www.federation-soccer.qc.ca\/fre\/administration\/1011.cfm<\/a><\/li><li>De plus, les b\u00e9n\u00e9voles liront et respecteront le guide intitul\u00e9 \u00ab Lignes directrices pour les adultes qui interagissent avec de jeunes athl\u00e8tes<\/li><li>Lire et respecter la Section 2 du Code de conduite de Soccer Canada (<a href=\"https:\/\/soccerquebec.org\/programme-reconnaissance-des-clubs\/wp-content\/uploads\/2019\/07\/csa-code-of-conduct-and-ethics-final-220917-fr-1-2.pdf\">https:\/\/soccerquebec.org\/programme-reconnaissance-des-clubs\/wp-<\/a><\/li><\/ul><p><a href=\"https:\/\/soccerquebec.org\/programme-reconnaissance-des-clubs\/wp-content\/uploads\/2019\/07\/csa-code-of-conduct-and-ethics-final-220917-fr-1-2.pdf\">content\/uploads\/2019\/07\/csa-code-of-conduct-and-ethics-final-220917-fr-<\/a> <a href=\"https:\/\/soccerquebec.org\/programme-reconnaissance-des-clubs\/wp-content\/uploads\/2019\/07\/csa-code-of-conduct-and-ethics-final-220917-fr-1-2.pdf\">1-2.pdf<\/a>).<\/p><ul><li>Je suis conscient de mes obligations en vertu de la politique du Club concernant la conduite appropri\u00e9e \/ inappropri\u00e9e entre adultes \/ jeunes et enfants (<a href=\"https:\/\/soccerquebec.org\/programme-reconnaissance-des-clubs\/wp-content\/uploads\/2019\/07\/c2k-coachingassoccanada-interacting-fr-2.pdf\">https:\/\/soccerquebec.org\/programme-reconnaissance-des-clubs\/wp-<\/a> <a href=\"https:\/\/soccerquebec.org\/programme-reconnaissance-des-clubs\/wp-content\/uploads\/2019\/07\/c2k-coachingassoccanada-interacting-fr-2.pdf\">content\/uploads\/2019\/07\/c2k-coachingassoccanada-interacting-fr-2.pdf<\/a> and <a href=\"https:\/\/soccerquebec.org\/programme-reconnaissance-des-clubs\/wp-content\/uploads\/2019\/07\/c2k-stepsforreportinginappropriateconduct-fr.pdf\">https:\/\/soccerquebec.org\/programme-reconnaissance-des-clubs\/wp-<\/a> <a href=\"https:\/\/soccerquebec.org\/programme-reconnaissance-des-clubs\/wp-content\/uploads\/2019\/07\/c2k-stepsforreportinginappropriateconduct-fr.pdf\">content\/uploads\/2019\/07\/c2k-stepsforreportinginappropriateconduct-<\/a> <a href=\"https:\/\/soccerquebec.org\/programme-reconnaissance-des-clubs\/wp-content\/uploads\/2019\/07\/c2k-stepsforreportinginappropriateconduct-fr.pdf\">pdf<\/a>).<\/li><li>Je suis conscient de mes obligations en vertu de la politique du Club entourant la \u00ab R\u00e8gle des Deux<a href=\"https:\/\/soccerquebec.org\/programme-reconnaissance-des-clubs\/wp-content\/uploads\/2019\/07\/ruleoftwo-fr-2.pdf\">https:\/\/soccerquebec.org\/programme-reconnaissance-des-<\/a> <a href=\"https:\/\/soccerquebec.org\/programme-reconnaissance-des-clubs\/wp-content\/uploads\/2019\/07\/ruleoftwo-fr-2.pdf\">clubs\/wp-content\/uploads\/2019\/07\/ruleoftwo-fr-2.pdf<\/a>).<\/li><\/ul><p>\u00a0<\/p><h1>Parents\/Tuteurs<\/h1><ul><li>Je favoriserai l'esprit sportif en t\u00e9moignant un soutien positif \u00e0 l'\u00e9gard de tous les joueurs, entra\u00eeneurs, arbitres et administrateurs en tout temps.<\/li><li>\"Je placerai le bien-\u00eatre \u00e9motionnel et physique de tous les joueurs avant tout d\u00e9sir personnel de gagner.<\/li><li>Je soutiendrai les entra\u00eeneurs, les officiels et les administrateurs travaillant avec mon enfant, afin de favoriser une exp\u00e9rience positive et agr\u00e9able pour tous.<\/li><li>Je me souviendrai que le jeu est pour les joueurs, pas pour le<\/li><li>Je me souviendrai que le jeu est pour les joueurs, pas pour le<\/li><li>Je serai toujours<\/li><li>Je laisserai toujours l'entra\u00eeneur \u00eatre le seul<\/li><li>Je n'entrerai pas dans des disputes avec les parents, joueurs ou membres de l'\u00e9quipe adverse.<\/li><li>Je ne viendrai pas sur le terrain pour quelque raison que ce soit pendant le<\/li><li>Je ne viendrai pas sur le terrain pour quelque raison que ce soit pendant le<\/li><li>De plus, les parents liront et partageront le contenu du guide intitul\u00e9 \u00ab Lignes directrices pour les adultes qui interagissent avec de jeunes athl\u00e8tes \u00bb avec leur enfant<\/li><li>Lire et respecter la Section 4.5 du Code de conduite de Soccer Canada (<a href=\"https:\/\/soccerquebec.org\/programme-reconnaissance-des-clubs\/wp-content\/uploads\/2019\/07\/csa-code-of-conduct-and-ethics-final-220917-fr-1-2.pdf\">https:\/\/soccerquebec.org\/programme-reconnaissance-des-clubs\/wp-<\/a> <a href=\"https:\/\/soccerquebec.org\/programme-reconnaissance-des-clubs\/wp-content\/uploads\/2019\/07\/csa-code-of-conduct-and-ethics-final-220917-fr-1-2.pdf\">content\/uploads\/2019\/07\/csa-code-of-conduct-and-ethics-final-220917-fr-<\/a> <a href=\"https:\/\/soccerquebec.org\/programme-reconnaissance-des-clubs\/wp-content\/uploads\/2019\/07\/csa-code-of-conduct-and-ethics-final-220917-fr-1-2.pdf\">1-2.pdf<\/a>).<\/li><li>Je suis conscient de mes droits en tant que parent et de mes obligations en vertu de la politique du Club concernant les comportements appropri\u00e9s\/inappropri\u00e9s entre adultes\/jeunes et enfants.<a href=\"https:\/\/soccerquebec.org\/programme-reconnaissance-des-clubs\/wp-content\/uploads\/2019\/07\/c2k-coachingassoccanada-interacting-fr-2.pdf\">https:\/\/soccerquebec.org\/programme-reconnaissance-des-<\/a> <a href=\"https:\/\/soccerquebec.org\/programme-reconnaissance-des-clubs\/wp-content\/uploads\/2019\/07\/c2k-coachingassoccanada-interacting-fr-2.pdf\">clubs\/wp-content\/uploads\/2019\/07\/c2k-coachingassoccanada-interacting-<\/a> <a href=\"https:\/\/soccerquebec.org\/programme-reconnaissance-des-clubs\/wp-content\/uploads\/2019\/07\/c2k-coachingassoccanada-interacting-fr-2.pdf\">fr-2.pdf<\/a> and <a href=\"https:\/\/soccerquebec.org\/programme-reconnaissance-des-clubs\/wp-content\/uploads\/2019\/07\/c2k-stepsforreportinginappropriateconduct-fr.pdf\">https:\/\/soccerquebec.org\/programme-reconnaissance-des-<\/a> <a href=\"https:\/\/soccerquebec.org\/programme-reconnaissance-des-clubs\/wp-content\/uploads\/2019\/07\/c2k-stepsforreportinginappropriateconduct-fr.pdf\">clubs\/wp-content\/uploads\/2019\/07\/c2k-<\/a> <a href=\"https:\/\/soccerquebec.org\/programme-reconnaissance-des-clubs\/wp-content\/uploads\/2019\/07\/c2k-stepsforreportinginappropriateconduct-fr.pdf\">stepsforreportinginappropriateconduct-fr.pdf<\/a>).<\/li><\/ul>\t\t\t\t\t\t<\/div>\n\t\t\t\t<\/div>\n\t\t\t\t<div class=\"elementor-element elementor-element-1a2b4a0 elementor-widget elementor-widget-button\" data-id=\"1a2b4a0\" data-element_type=\"widget\" data-widget_type=\"button.default\">\n\t\t\t\t<div class=\"elementor-widget-container\">\n\t\t\t\t\t<div class=\"elementor-button-wrapper\">\n\t\t\t<a class=\"elementor-button elementor-button-link elementor-size-sm\" href=\"\/wp-content\/uploads\/2024\/03\/CS-St-Laurent-Code-Of-Conduct-ENG.pdf\">\n\t\t\t\t\t\t<span class=\"elementor-button-content-wrapper\">\n\t\t\t\t\t\t<span class=\"elementor-button-text\">T\u00c9L\u00c9CHARGER PDF<\/span>\n\t\t<\/span>\n\t\t\t\t\t<\/a>\n\t\t<\/div>\n\t\t\t\t<\/div>\n\t\t\t\t<\/div>\n\t\t\t\t\t<\/div>\n\t\t<\/div>\n\t\t\t\t\t<\/div>\n\t\t<\/section>\n\t\t\t\t<\/div>","protected":false},"excerpt":{"rendered":"<p>CS SAINT-LAURENT Code of Ethics &amp; Fair Play The following are examples of Fair Play behaviors for athletes, parents and coaches. Players I will encourage good sportsmanship from fellow players, coaches, officials and parents at all times. I will remember that soccer is an opportunity to learn and have I will do the best I [&hellip;]<\/p>","protected":false},"author":1,"featured_media":0,"parent":0,"menu_order":0,"comment_status":"closed","ping_status":"closed","template":"","meta":{"footnotes":""},"class_list":["post-2186","page","type-page","status-publish","hentry"],"_links":{"self":[{"href":"https:\/\/saint.bhpmedia.ca\/francais\/wp-json\/wp\/v2\/pages\/2186","targetHints":{"allow":["GET"]}}],"collection":[{"href":"https:\/\/saint.bhpmedia.ca\/francais\/wp-json\/wp\/v2\/pages"}],"about":[{"href":"https:\/\/saint.bhpmedia.ca\/francais\/wp-json\/wp\/v2\/types\/page"}],"author":[{"embeddable":true,"href":"https:\/\/saint.bhpmedia.ca\/francais\/wp-json\/wp\/v2\/users\/1"}],"replies":[{"embeddable":true,"href":"https:\/\/saint.bhpmedia.ca\/francais\/wp-json\/wp\/v2\/comments?post=2186"}],"version-history":[{"count":16,"href":"https:\/\/saint.bhpmedia.ca\/francais\/wp-json\/wp\/v2\/pages\/2186\/revisions"}],"predecessor-version":[{"id":2202,"href":"https:\/\/saint.bhpmedia.ca\/francais\/wp-json\/wp\/v2\/pages\/2186\/revisions\/2202"}],"wp:attachment":[{"href":"https:\/\/saint.bhpmedia.ca\/francais\/wp-json\/wp\/v2\/media?parent=2186"}],"curies":[{"name":"wp","href":"https:\/\/api.w.org\/{rel}","templated":true}]}}