{"id":2025,"date":"2024-03-06T16:15:41","date_gmt":"2024-03-06T16:15:41","guid":{"rendered":"https:\/\/saint.bhpmedia.ca\/?page_id=2025"},"modified":"2024-03-25T13:46:58","modified_gmt":"2024-03-25T13:46:58","slug":"financial-aid","status":"publish","type":"page","link":"https:\/\/saint.bhpmedia.ca\/francais\/financial-aid\/","title":{"rendered":"AIDE FINANCI\u00c8RE"},"content":{"rendered":"<div data-elementor-type=\"wp-page\" data-elementor-id=\"2025\" class=\"elementor elementor-2025\" data-elementor-post-type=\"page\">\n\t\t\t\t\t\t<section class=\"elementor-section elementor-top-section elementor-element elementor-element-5d01c38 elementor-section-boxed elementor-section-height-default elementor-section-height-default\" data-id=\"5d01c38\" data-element_type=\"section\">\n\t\t\t\t\t\t<div class=\"elementor-container elementor-column-gap-default\">\n\t\t\t\t\t<div class=\"elementor-column elementor-col-100 elementor-top-column elementor-element elementor-element-54747ec\" data-id=\"54747ec\" data-element_type=\"column\">\n\t\t\t<div class=\"elementor-widget-wrap elementor-element-populated\">\n\t\t\t\t\t\t<div class=\"elementor-element elementor-element-953d705 elementor-widget elementor-widget-heading\" data-id=\"953d705\" data-element_type=\"widget\" data-widget_type=\"heading.default\">\n\t\t\t\t<div class=\"elementor-widget-container\">\n\t\t\t<style>\/*! elementor - v3.20.0 - 20-03-2024 *\/\n.elementor-heading-title{padding:0;margin:0;line-height:1}.elementor-widget-heading .elementor-heading-title[class*=elementor-size-]>a{color:inherit;font-size:inherit;line-height:inherit}.elementor-widget-heading .elementor-heading-title.elementor-size-small{font-size:15px}.elementor-widget-heading .elementor-heading-title.elementor-size-medium{font-size:19px}.elementor-widget-heading .elementor-heading-title.elementor-size-large{font-size:29px}.elementor-widget-heading .elementor-heading-title.elementor-size-xl{font-size:39px}.elementor-widget-heading .elementor-heading-title.elementor-size-xxl{font-size:59px}<\/style><h2 class=\"elementor-heading-title elementor-size-default\">AIDE FINANCI\u00c8RE<\/h2>\t\t<\/div>\n\t\t\t\t<\/div>\n\t\t\t\t<div class=\"elementor-element elementor-element-c2c353b elementor-widget elementor-widget-text-editor\" data-id=\"c2c353b\" data-element_type=\"widget\" data-widget_type=\"text-editor.default\">\n\t\t\t\t<div class=\"elementor-widget-container\">\n\t\t\t<style>\/*! elementor - v3.20.0 - 20-03-2024 *\/\n.elementor-widget-text-editor.elementor-drop-cap-view-stacked .elementor-drop-cap{background-color:#69727d;color:#fff}.elementor-widget-text-editor.elementor-drop-cap-view-framed .elementor-drop-cap{color:#69727d;border:3px solid;background-color:transparent}.elementor-widget-text-editor:not(.elementor-drop-cap-view-default) .elementor-drop-cap{margin-top:8px}.elementor-widget-text-editor:not(.elementor-drop-cap-view-default) .elementor-drop-cap-letter{width:1em;height:1em}.elementor-widget-text-editor .elementor-drop-cap{float:left;text-align:center;line-height:1;font-size:50px}.elementor-widget-text-editor .elementor-drop-cap-letter{display:inline-block}<\/style>\t\t\t\t<p>CS Saint-Laurent offers an allocation program to reduce or waive registration fees for certain members with financial challenges. To be eligible for this assistance, the member must be referred by the coaching staff or by Club administrators. A related form is subsequently filled out and submitted for review and approval by the Club\u2019s board of directors. The Club limits the waiving of registration fees to a certain number per team, depending on the level. The registration fee waiver is valid for 1 year (summer and winter season).\u00a0<\/p><p>La Ville de Saint-Laurent offre \u00e9galement le programme \"Aide \u00e0 la famille\" \u00e0 ses r\u00e9sidents. Sur pr\u00e9sentation des documents justificatifs requis, la Ville de Saint-Laurent d\u00e9livre un document attestant du faible revenu de la famille. Lorsque la famille pr\u00e9sente ce document au club pour l'inscription, les frais d'inscription seront r\u00e9duits de 25%. Le document doit \u00eatre pr\u00e9sent\u00e9 \u00e0 chaque inscription (saison estivale et hivernale).\u00a0<\/p><p>\u00a0<\/p><p>Pour plus d'informations, veuillez vous rendre au bureau du Club durant nos heures d'ouverture.<\/p>\t\t\t\t\t\t<\/div>\n\t\t\t\t<\/div>\n\t\t\t\t\t<\/div>\n\t\t<\/div>\n\t\t\t\t\t<\/div>\n\t\t<\/section>\n\t\t\t\t<\/div>","protected":false},"excerpt":{"rendered":"<p>FINANCIAL AID CS Saint-Laurent offers an allocation program to reduce or waive registration fees for certain members with financial challenges. To be eligible for this assistance, the member must be referred by the coaching staff or by Club administrators. A related form is subsequently filled out and submitted for review and approval by the Club\u2019s [&hellip;]<\/p>","protected":false},"author":1,"featured_media":0,"parent":0,"menu_order":0,"comment_status":"closed","ping_status":"closed","template":"","meta":{"footnotes":""},"class_list":["post-2025","page","type-page","status-publish","hentry"],"_links":{"self":[{"href":"https:\/\/saint.bhpmedia.ca\/francais\/wp-json\/wp\/v2\/pages\/2025","targetHints":{"allow":["GET"]}}],"collection":[{"href":"https:\/\/saint.bhpmedia.ca\/francais\/wp-json\/wp\/v2\/pages"}],"about":[{"href":"https:\/\/saint.bhpmedia.ca\/francais\/wp-json\/wp\/v2\/types\/page"}],"author":[{"embeddable":true,"href":"https:\/\/saint.bhpmedia.ca\/francais\/wp-json\/wp\/v2\/users\/1"}],"replies":[{"embeddable":true,"href":"https:\/\/saint.bhpmedia.ca\/francais\/wp-json\/wp\/v2\/comments?post=2025"}],"version-history":[{"count":19,"href":"https:\/\/saint.bhpmedia.ca\/francais\/wp-json\/wp\/v2\/pages\/2025\/revisions"}],"predecessor-version":[{"id":2663,"href":"https:\/\/saint.bhpmedia.ca\/francais\/wp-json\/wp\/v2\/pages\/2025\/revisions\/2663"}],"wp:attachment":[{"href":"https:\/\/saint.bhpmedia.ca\/francais\/wp-json\/wp\/v2\/media?parent=2025"}],"curies":[{"name":"wp","href":"https:\/\/api.w.org\/{rel}","templated":true}]}}