{"id":1937,"date":"2024-03-06T04:36:51","date_gmt":"2024-03-06T04:36:51","guid":{"rendered":"https:\/\/saint.bhpmedia.ca\/?page_id=1937"},"modified":"2024-03-06T16:43:59","modified_gmt":"2024-03-06T16:43:59","slug":"terms-and-condition","status":"publish","type":"page","link":"https:\/\/saint.bhpmedia.ca\/francais\/terms-and-condition\/","title":{"rendered":"Terms and Condition"},"content":{"rendered":"<div data-elementor-type=\"wp-page\" data-elementor-id=\"1937\" class=\"elementor elementor-1937\" data-elementor-post-type=\"page\">\n\t\t\t\t\t\t<section class=\"elementor-section elementor-top-section elementor-element elementor-element-532325f elementor-section-boxed elementor-section-height-default elementor-section-height-default\" data-id=\"532325f\" data-element_type=\"section\">\n\t\t\t\t\t\t<div class=\"elementor-container elementor-column-gap-default\">\n\t\t\t\t\t<div class=\"elementor-column elementor-col-100 elementor-top-column elementor-element elementor-element-3c027b3\" data-id=\"3c027b3\" data-element_type=\"column\">\n\t\t\t<div class=\"elementor-widget-wrap elementor-element-populated\">\n\t\t\t\t\t\t<div class=\"elementor-element elementor-element-e80e689 elementor-widget elementor-widget-text-editor\" data-id=\"e80e689\" data-element_type=\"widget\" data-widget_type=\"text-editor.default\">\n\t\t\t\t<div class=\"elementor-widget-container\">\n\t\t\t<style>\/*! elementor - v3.20.0 - 20-03-2024 *\/\n.elementor-widget-text-editor.elementor-drop-cap-view-stacked .elementor-drop-cap{background-color:#69727d;color:#fff}.elementor-widget-text-editor.elementor-drop-cap-view-framed .elementor-drop-cap{color:#69727d;border:3px solid;background-color:transparent}.elementor-widget-text-editor:not(.elementor-drop-cap-view-default) .elementor-drop-cap{margin-top:8px}.elementor-widget-text-editor:not(.elementor-drop-cap-view-default) .elementor-drop-cap-letter{width:1em;height:1em}.elementor-widget-text-editor .elementor-drop-cap{float:left;text-align:center;line-height:1;font-size:50px}.elementor-widget-text-editor .elementor-drop-cap-letter{display:inline-block}<\/style>\t\t\t\tConditions g\u00e9n\u00e9rales d'utilisation du site web de l'\u00e9quipe de soccer de Saint-Laurent\t\t\t\t\t\t<\/div>\n\t\t\t\t<\/div>\n\t\t\t\t<div class=\"elementor-element elementor-element-676d9b3 elementor-widget elementor-widget-text-editor\" data-id=\"676d9b3\" data-element_type=\"widget\" data-widget_type=\"text-editor.default\">\n\t\t\t\t<div class=\"elementor-widget-container\">\n\t\t\t\t\t\t\t<h3>Introduction<\/h3><p>Bienvenue sur le site web de l'\u00e9quipe de soccer de Saint-Laurent. Ce site est exploit\u00e9 par l'\u00e9quipe de soccer de Saint-Laurent, situ\u00e9e au 2385 Bd Thimens, Saint-Laurent, QC H4R 1T4, Canada. En acc\u00e9dant \u00e0 notre site web, vous acceptez d'\u00eatre li\u00e9 par ces conditions d'utilisation (\u00ab Conditions \u00bb) et notre politique de confidentialit\u00e9. Si vous n'acceptez pas une partie de ces conditions, vous ne devez pas utiliser notre site web.<\/p><p>\u00a0<\/p><h3>Utilisation du site web<\/h3><p>Ce site web est fourni pour l'usage personnel des joueurs, de leurs familles, des supporters de l'\u00e9quipe et du grand public int\u00e9ress\u00e9 \u00e0 suivre les progr\u00e8s et les activit\u00e9s de l'\u00e9quipe de soccer de Saint-Laurent. Le site propose des informations sur les horaires de l'\u00e9quipe, les profils des joueurs, les r\u00e9sultats des matchs et les activit\u00e9s connexes au soccer.<\/p><p>\u00a0<\/p><h3>Droits de propri\u00e9t\u00e9 intellectuelle<\/h3><p>Le contenu publi\u00e9 sur ce site web, y compris les textes, graphiques, logos, images, ainsi que leur compilation, et tout logiciel utilis\u00e9 sur le site, est la propri\u00e9t\u00e9 de l'\u00e9quipe de soccer de Saint-Laurent ou de ses fournisseurs et est prot\u00e9g\u00e9 par les lois canadiennes et internationales sur le droit d'auteur.<\/p><p>\u00a0<\/p><h3>Comportement de l'utilisateur<\/h3><p>Les utilisateurs de ce site web sont pri\u00e9s de l'utiliser de mani\u00e8re respectueuse et conforme \u00e0 la loi. Les activit\u00e9s suivantes sont strictement interdites :<\/p><p>Afficher ou transmettre tout contenu portant atteinte aux droits d'autrui ou \u00e9tant ill\u00e9gal, nocif, mena\u00e7ant, abusif, harcelant, diffamatoire, vulgaire, obsc\u00e8ne, ou autrement r\u00e9pr\u00e9hensible. Tenter d'interf\u00e9rer avec le fonctionnement du site web ou le plaisir de tout utilisateur du site web, y compris en surchargeant, en \"flooding\", en pratiquant le \"spam\", le \"mail bombing\", ou en provoquant un \"crash\" du site web. Acc\u00e9der \u00e0 des donn\u00e9es non destin\u00e9es \u00e0 vous, ou vous connecter \u00e0 un serveur ou \u00e0 un compte auquel vous n'\u00eates pas autoris\u00e9. Tenter de sonder, d'analyser ou de tester la vuln\u00e9rabilit\u00e9 du syst\u00e8me ou du r\u00e9seau, ou de violer les mesures de s\u00e9curit\u00e9 ou d'authentification sans autorisation appropri\u00e9e.<\/p><h3><br \/>Limitation de responsabilit\u00e9<\/h3><p>L'\u00e9quipe de soccer Saint-Laurent ne sera pas tenue responsable des dommages directs, indirects, accessoires, sp\u00e9ciaux ou cons\u00e9cutifs r\u00e9sultant de l'utilisation du site web, de l'incapacit\u00e9 d'utiliser le site web, de la performance des produits achet\u00e9s par le biais du site web, ou de la conduite d'autres utilisateurs du site web, m\u00eame si l'\u00e9quipe de soccer Saint-Laurent a \u00e9t\u00e9 inform\u00e9e de la possibilit\u00e9 de tels dommages.<\/p><p>\u00a0<\/p><h3>Loi applicable<\/h3><p>Ces conditions seront r\u00e9gies et interpr\u00e9t\u00e9es conform\u00e9ment aux lois du Qu\u00e9bec, Canada, sans \u00e9gard \u00e0 ses dispositions en mati\u00e8re de conflits de lois. Notre omission d'exercer un droit ou une disposition de ces conditions ne sera pas consid\u00e9r\u00e9e comme une renonciation \u00e0 ces droits.<\/p><p>\u00a0<\/p><h3>Modifications aux Conditions<\/h3><p>L'\u00e9quipe de soccer de Saint-Laurent se r\u00e9serve le droit, \u00e0 notre seule discr\u00e9tion, de modifier ou de remplacer ces conditions \u00e0 tout moment. En continuant d'acc\u00e9der ou d'utiliser notre site web apr\u00e8s toute r\u00e9vision devenue effective, vous acceptez d'\u00eatre li\u00e9 par les termes r\u00e9vis\u00e9s. Si vous n'acceptez pas les nouveaux termes, vous n'\u00eates plus autoris\u00e9(e) \u00e0 utiliser le site web.<\/p><p>\u00a0<\/p><h3>CONTACTEZ-NOUS<\/h3><p>Si vous avez des questions concernant ces conditions, veuillez <a href=\"\/contact-us\/\">CONTACTEZ-NOUS<\/a> \u00e0 l'adresse fournie ci-dessus.<\/p>\t\t\t\t\t\t<\/div>\n\t\t\t\t<\/div>\n\t\t\t\t\t<\/div>\n\t\t<\/div>\n\t\t\t\t\t<\/div>\n\t\t<\/section>\n\t\t\t\t<\/div>","protected":false},"excerpt":{"rendered":"<p>Terms and Conditions for Saint-Laurent Soccer Team Website Introduction Welcome to the Saint-Laurent Soccer Team&#8217;s website. This website is operated by the Saint-Laurent Soccer Team, located at 2385 Bd Thimens, Saint-Laurent, QC H4R 1T4, Canada. By accessing our website, you agree to be bound by these Terms and Conditions (&#8220;Terms&#8221;) and our Privacy Policy. If [&hellip;]<\/p>","protected":false},"author":1,"featured_media":0,"parent":0,"menu_order":0,"comment_status":"closed","ping_status":"closed","template":"","meta":{"footnotes":""},"class_list":["post-1937","page","type-page","status-publish","hentry"],"_links":{"self":[{"href":"https:\/\/saint.bhpmedia.ca\/francais\/wp-json\/wp\/v2\/pages\/1937","targetHints":{"allow":["GET"]}}],"collection":[{"href":"https:\/\/saint.bhpmedia.ca\/francais\/wp-json\/wp\/v2\/pages"}],"about":[{"href":"https:\/\/saint.bhpmedia.ca\/francais\/wp-json\/wp\/v2\/types\/page"}],"author":[{"embeddable":true,"href":"https:\/\/saint.bhpmedia.ca\/francais\/wp-json\/wp\/v2\/users\/1"}],"replies":[{"embeddable":true,"href":"https:\/\/saint.bhpmedia.ca\/francais\/wp-json\/wp\/v2\/comments?post=1937"}],"version-history":[{"count":19,"href":"https:\/\/saint.bhpmedia.ca\/francais\/wp-json\/wp\/v2\/pages\/1937\/revisions"}],"predecessor-version":[{"id":2105,"href":"https:\/\/saint.bhpmedia.ca\/francais\/wp-json\/wp\/v2\/pages\/1937\/revisions\/2105"}],"wp:attachment":[{"href":"https:\/\/saint.bhpmedia.ca\/francais\/wp-json\/wp\/v2\/media?parent=1937"}],"curies":[{"name":"wp","href":"https:\/\/api.w.org\/{rel}","templated":true}]}}