{"id":1908,"date":"2024-03-05T03:36:29","date_gmt":"2024-03-05T03:36:29","guid":{"rendered":"https:\/\/saint.bhpmedia.ca\/?page_id=1908"},"modified":"2024-03-06T16:40:09","modified_gmt":"2024-03-06T16:40:09","slug":"refund-policy-request-form","status":"publish","type":"page","link":"https:\/\/saint.bhpmedia.ca\/francais\/refund-policy-request-form\/","title":{"rendered":"Refund Policy &amp; Request Form"},"content":{"rendered":"<div data-elementor-type=\"wp-page\" data-elementor-id=\"1908\" class=\"elementor elementor-1908\" data-elementor-post-type=\"page\">\n\t\t\t\t\t\t<section class=\"elementor-section elementor-top-section elementor-element elementor-element-a2a0128 elementor-section-boxed elementor-section-height-default elementor-section-height-default\" data-id=\"a2a0128\" data-element_type=\"section\">\n\t\t\t\t\t\t<div class=\"elementor-container elementor-column-gap-default\">\n\t\t\t\t\t<div class=\"elementor-column elementor-col-100 elementor-top-column elementor-element elementor-element-0a4442e\" data-id=\"0a4442e\" data-element_type=\"column\">\n\t\t\t<div class=\"elementor-widget-wrap elementor-element-populated\">\n\t\t\t\t\t\t<div class=\"elementor-element elementor-element-357ccc7 elementor-widget elementor-widget-text-editor\" data-id=\"357ccc7\" data-element_type=\"widget\" data-widget_type=\"text-editor.default\">\n\t\t\t\t<div class=\"elementor-widget-container\">\n\t\t\t<style>\/*! elementor - v3.20.0 - 20-03-2024 *\/\n.elementor-widget-text-editor.elementor-drop-cap-view-stacked .elementor-drop-cap{background-color:#69727d;color:#fff}.elementor-widget-text-editor.elementor-drop-cap-view-framed .elementor-drop-cap{color:#69727d;border:3px solid;background-color:transparent}.elementor-widget-text-editor:not(.elementor-drop-cap-view-default) .elementor-drop-cap{margin-top:8px}.elementor-widget-text-editor:not(.elementor-drop-cap-view-default) .elementor-drop-cap-letter{width:1em;height:1em}.elementor-widget-text-editor .elementor-drop-cap{float:left;text-align:center;line-height:1;font-size:50px}.elementor-widget-text-editor .elementor-drop-cap-letter{display:inline-block}<\/style>\t\t\t\tPolitique de remboursement et formulaire de demande\t\t\t\t\t\t<\/div>\n\t\t\t\t<\/div>\n\t\t\t\t<div class=\"elementor-element elementor-element-8533a02 elementor-widget elementor-widget-text-editor\" data-id=\"8533a02\" data-element_type=\"widget\" data-widget_type=\"text-editor.default\">\n\t\t\t\t<div class=\"elementor-widget-container\">\n\t\t\t\t\t\t\t<p>Si vous demandez un remboursement, veuillez remplir le formulaire de remboursement<br \/>et le retourner \u00e0 <a href=\"mailto:clubstlaurent@soccerstl.ca\">clubstlaurent@soccerstl.ca<\/a><\/p><p>\u00a0<\/p><h3><strong>Politique de remboursement \u2013 Cr\u00e9dit<\/strong><\/h3><p>Aucun remboursement n'est accord\u00e9 en cas d'absent\u00e9isme, de conditions m\u00e9t\u00e9orologiques d\u00e9favorables, de blessures, de conflits avec d'autres activit\u00e9s, d'isolement, ou de d\u00e9m\u00e9nagement dans une banlieue, ville, province ou pays diff\u00e9rent. Des frais de service de 75,00 $ par participant sont appliqu\u00e9s \u00e0 chaque remboursement, auxquels s'ajoutent des frais d'uniforme de 30,00 $ et la valeur \u00e9quivalente des s\u00e9ances fr\u00e9quent\u00e9es. Les frais d'annulation s'\u00e9l\u00e8vent \u00e0 75,00 $ par participant. Des notes de cr\u00e9dit peuvent \u00eatre \u00e9mises si un remboursement n'est pas accept\u00e9. Les remboursements sont \u00e9mis par ch\u00e8que et envoy\u00e9s par la poste dans un d\u00e9lai de 8 semaines.<\/p>\t\t\t\t\t\t<\/div>\n\t\t\t\t<\/div>\n\t\t\t\t<div class=\"elementor-element elementor-element-6867c4c elementor-widget elementor-widget-button\" data-id=\"6867c4c\" data-element_type=\"widget\" data-widget_type=\"button.default\">\n\t\t\t\t<div class=\"elementor-widget-container\">\n\t\t\t\t\t<div class=\"elementor-button-wrapper\">\n\t\t\t<a class=\"elementor-button elementor-button-link elementor-size-sm\" href=\"\/wp-content\/uploads\/2024\/03\/Formulaire-de-demande-de-remboursement-July-09-2022-2.pdf\">\n\t\t\t\t\t\t<span class=\"elementor-button-content-wrapper\">\n\t\t\t\t\t\t<span class=\"elementor-button-text\">Formulaire de remboursement<\/span>\n\t\t<\/span>\n\t\t\t\t\t<\/a>\n\t\t<\/div>\n\t\t\t\t<\/div>\n\t\t\t\t<\/div>\n\t\t\t\t\t<\/div>\n\t\t<\/div>\n\t\t\t\t\t<\/div>\n\t\t<\/section>\n\t\t\t\t<\/div>","protected":false},"excerpt":{"rendered":"<p>Refund Policy &#038; Request Form If requesting a refund please complete the Refund Formand return to clubstlaurent@soccerstl.ca \u00a0 Refund \u2013 Credit Policy No refunds are granted related to absenteeism, weather conditions, injuries, conflicts with other activities, isolation, or the move to a different suburb, city, province, or country. A $75.00 service fee per participant is [&hellip;]<\/p>","protected":false},"author":1,"featured_media":0,"parent":0,"menu_order":0,"comment_status":"closed","ping_status":"closed","template":"","meta":{"footnotes":""},"class_list":["post-1908","page","type-page","status-publish","hentry"],"_links":{"self":[{"href":"https:\/\/saint.bhpmedia.ca\/francais\/wp-json\/wp\/v2\/pages\/1908","targetHints":{"allow":["GET"]}}],"collection":[{"href":"https:\/\/saint.bhpmedia.ca\/francais\/wp-json\/wp\/v2\/pages"}],"about":[{"href":"https:\/\/saint.bhpmedia.ca\/francais\/wp-json\/wp\/v2\/types\/page"}],"author":[{"embeddable":true,"href":"https:\/\/saint.bhpmedia.ca\/francais\/wp-json\/wp\/v2\/users\/1"}],"replies":[{"embeddable":true,"href":"https:\/\/saint.bhpmedia.ca\/francais\/wp-json\/wp\/v2\/comments?post=1908"}],"version-history":[{"count":22,"href":"https:\/\/saint.bhpmedia.ca\/francais\/wp-json\/wp\/v2\/pages\/1908\/revisions"}],"predecessor-version":[{"id":2090,"href":"https:\/\/saint.bhpmedia.ca\/francais\/wp-json\/wp\/v2\/pages\/1908\/revisions\/2090"}],"wp:attachment":[{"href":"https:\/\/saint.bhpmedia.ca\/francais\/wp-json\/wp\/v2\/media?parent=1908"}],"curies":[{"name":"wp","href":"https:\/\/api.w.org\/{rel}","templated":true}]}}