{"id":1725,"date":"2024-03-01T18:00:00","date_gmt":"2024-03-01T18:00:00","guid":{"rendered":"https:\/\/saint.bhpmedia.ca\/?page_id=1725"},"modified":"2024-03-17T14:56:18","modified_gmt":"2024-03-17T14:56:18","slug":"soccer-programs","status":"publish","type":"page","link":"https:\/\/saint.bhpmedia.ca\/francais\/soccer-programs\/","title":{"rendered":"PROGRAMMES DE SOCCER"},"content":{"rendered":"<div data-elementor-type=\"wp-page\" data-elementor-id=\"1725\" class=\"elementor elementor-1725\" data-elementor-post-type=\"page\">\n\t\t\t\t\t\t<section class=\"elementor-section elementor-top-section elementor-element elementor-element-a19d14b elementor-section-boxed elementor-section-height-default elementor-section-height-default\" data-id=\"a19d14b\" data-element_type=\"section\">\n\t\t\t\t\t\t<div class=\"elementor-container elementor-column-gap-default\">\n\t\t\t\t\t<div class=\"elementor-column elementor-col-100 elementor-top-column elementor-element elementor-element-493c836\" data-id=\"493c836\" data-element_type=\"column\">\n\t\t\t<div class=\"elementor-widget-wrap elementor-element-populated\">\n\t\t\t\t\t\t<section class=\"elementor-section elementor-inner-section elementor-element elementor-element-6b79890 elementor-section-boxed elementor-section-height-default elementor-section-height-default\" data-id=\"6b79890\" data-element_type=\"section\">\n\t\t\t\t\t\t<div class=\"elementor-container elementor-column-gap-default\">\n\t\t\t\t\t<div class=\"elementor-column elementor-col-100 elementor-inner-column elementor-element elementor-element-ea41fb7\" data-id=\"ea41fb7\" data-element_type=\"column\">\n\t\t\t<div class=\"elementor-widget-wrap elementor-element-populated\">\n\t\t\t\t\t\t<div class=\"elementor-element elementor-element-8c2f224 elementor-widget elementor-widget-heading\" data-id=\"8c2f224\" data-element_type=\"widget\" data-widget_type=\"heading.default\">\n\t\t\t\t<div class=\"elementor-widget-container\">\n\t\t\t<style>\/*! elementor - v3.20.0 - 20-03-2024 *\/\n.elementor-heading-title{padding:0;margin:0;line-height:1}.elementor-widget-heading .elementor-heading-title[class*=elementor-size-]>a{color:inherit;font-size:inherit;line-height:inherit}.elementor-widget-heading .elementor-heading-title.elementor-size-small{font-size:15px}.elementor-widget-heading .elementor-heading-title.elementor-size-medium{font-size:19px}.elementor-widget-heading .elementor-heading-title.elementor-size-large{font-size:29px}.elementor-widget-heading .elementor-heading-title.elementor-size-xl{font-size:39px}.elementor-widget-heading .elementor-heading-title.elementor-size-xxl{font-size:59px}<\/style><h2 class=\"elementor-heading-title elementor-size-default\">PROGRAMMES DE SOCCER - PARCOURS DES JOUEURS <\/h2>\t\t<\/div>\n\t\t\t\t<\/div>\n\t\t\t\t<div class=\"elementor-element elementor-element-fb26775 elementor-widget elementor-widget-image\" data-id=\"fb26775\" data-element_type=\"widget\" data-widget_type=\"image.default\">\n\t\t\t\t<div class=\"elementor-widget-container\">\n\t\t\t<style>\/*! elementor - v3.20.0 - 20-03-2024 *\/\n.elementor-widget-image{text-align:center}.elementor-widget-image a{display:inline-block}.elementor-widget-image a img[src$=\".svg\"]{width:48px}.elementor-widget-image img{vertical-align:middle;display:inline-block}<\/style>\t\t\t\t\t\t\t\t\t\t<img fetchpriority=\"high\" decoding=\"async\" width=\"800\" height=\"1021\" src=\"https:\/\/saint.bhpmedia.ca\/wp-content\/uploads\/2024\/03\/varuinnn-Recovered.png\" class=\"attachment-large size-large wp-image-2481\" alt=\"\" srcset=\"https:\/\/saint.bhpmedia.ca\/wp-content\/uploads\/2024\/03\/varuinnn-Recovered.png 1500w, https:\/\/saint.bhpmedia.ca\/wp-content\/uploads\/2024\/03\/varuinnn-Recovered-235x300.png 235w, https:\/\/saint.bhpmedia.ca\/wp-content\/uploads\/2024\/03\/varuinnn-Recovered-802x1024.png 802w, https:\/\/saint.bhpmedia.ca\/wp-content\/uploads\/2024\/03\/varuinnn-Recovered-768x980.png 768w, https:\/\/saint.bhpmedia.ca\/wp-content\/uploads\/2024\/03\/varuinnn-Recovered-1203x1536.png 1203w, https:\/\/saint.bhpmedia.ca\/wp-content\/uploads\/2024\/03\/varuinnn-Recovered-9x12.png 9w\" sizes=\"(max-width: 800px) 100vw, 800px\" \/>\t\t\t\t\t\t\t\t\t\t\t\t\t<\/div>\n\t\t\t\t<\/div>\n\t\t\t\t\t<\/div>\n\t\t<\/div>\n\t\t\t\t\t<\/div>\n\t\t<\/section>\n\t\t\t\t<section class=\"elementor-section elementor-inner-section elementor-element elementor-element-df94ca8 elementor-section-boxed elementor-section-height-default elementor-section-height-default\" data-id=\"df94ca8\" data-element_type=\"section\">\n\t\t\t\t\t\t<div class=\"elementor-container elementor-column-gap-default\">\n\t\t\t\t\t<div class=\"elementor-column elementor-col-100 elementor-inner-column elementor-element elementor-element-16ea8a7\" data-id=\"16ea8a7\" data-element_type=\"column\">\n\t\t\t<div class=\"elementor-widget-wrap elementor-element-populated\">\n\t\t\t\t\t\t<div class=\"elementor-element elementor-element-12df719 elementor-widget elementor-widget-heading\" data-id=\"12df719\" data-element_type=\"widget\" data-widget_type=\"heading.default\">\n\t\t\t\t<div class=\"elementor-widget-container\">\n\t\t\t<h2 class=\"elementor-heading-title elementor-size-default\"><br><br>D\u00e9veloppement CDC<\/h2>\t\t<\/div>\n\t\t\t\t<\/div>\n\t\t\t\t<div class=\"elementor-element elementor-element-19a2b61 elementor-widget elementor-widget-text-editor\" data-id=\"19a2b61\" data-element_type=\"widget\" data-widget_type=\"text-editor.default\">\n\t\t\t\t<div class=\"elementor-widget-container\">\n\t\t\t<style>\/*! elementor - v3.20.0 - 20-03-2024 *\/\n.elementor-widget-text-editor.elementor-drop-cap-view-stacked .elementor-drop-cap{background-color:#69727d;color:#fff}.elementor-widget-text-editor.elementor-drop-cap-view-framed .elementor-drop-cap{color:#69727d;border:3px solid;background-color:transparent}.elementor-widget-text-editor:not(.elementor-drop-cap-view-default) .elementor-drop-cap{margin-top:8px}.elementor-widget-text-editor:not(.elementor-drop-cap-view-default) .elementor-drop-cap-letter{width:1em;height:1em}.elementor-widget-text-editor .elementor-drop-cap{float:left;text-align:center;line-height:1;font-size:50px}.elementor-widget-text-editor .elementor-drop-cap-letter{display:inline-block}<\/style>\t\t\t\tPendant plus d'une d\u00e9cennie, Soccer Canada plaide en faveur de la mise en place, par les clubs, d'un programme privil\u00e9giant le d\u00e9veloppement des joueurs. Depuis mai 2020, Soccer Qu\u00e9bec en a fait une exigence pour les clubs recherchant l'accr\u00e9ditation, les obligeant \u00e0 mettre en \u0153uvre ce type de programme. Ce nouveau cadre, connu sous le nom de Centre de D\u00e9veloppement de Club (CDC), se concentre sur les joueurs de 4 \u00e0 12 ans. Le CDC a une double mission : offrir une formation de haute qualit\u00e9 \u00e0 chaque joueur, quel que soit son niveau de comp\u00e9tence, tout en assurant un environnement s\u00fbr et agr\u00e9able pour leur d\u00e9veloppement. Au c\u0153ur de la mission du CDC, il y a la conviction que les joueurs s'\u00e9panouissent lorsqu'ils s'amusent. Cela souligne l'importance de fournir une formation et une attention \u00e9gales \u00e0 chaque joueur, facilitant ainsi leur parcours vers l'atteinte de leur plein potentiel.\t\t\t\t\t\t<\/div>\n\t\t\t\t<\/div>\n\t\t\t\t\t<\/div>\n\t\t<\/div>\n\t\t\t\t\t<\/div>\n\t\t<\/section>\n\t\t\t\t<div class=\"elementor-element elementor-element-e91c8f4 elementor-widget elementor-widget-spacer\" data-id=\"e91c8f4\" data-element_type=\"widget\" data-widget_type=\"spacer.default\">\n\t\t\t\t<div class=\"elementor-widget-container\">\n\t\t\t<style>\/*! elementor - v3.20.0 - 20-03-2024 *\/\n.elementor-column .elementor-spacer-inner{height:var(--spacer-size)}.e-con{--container-widget-width:100%}.e-con-inner>.elementor-widget-spacer,.e-con>.elementor-widget-spacer{width:var(--container-widget-width,var(--spacer-size));--align-self:var(--container-widget-align-self,initial);--flex-shrink:0}.e-con-inner>.elementor-widget-spacer>.elementor-widget-container,.e-con>.elementor-widget-spacer>.elementor-widget-container{height:100%;width:100%}.e-con-inner>.elementor-widget-spacer>.elementor-widget-container>.elementor-spacer,.e-con>.elementor-widget-spacer>.elementor-widget-container>.elementor-spacer{height:100%}.e-con-inner>.elementor-widget-spacer>.elementor-widget-container>.elementor-spacer>.elementor-spacer-inner,.e-con>.elementor-widget-spacer>.elementor-widget-container>.elementor-spacer>.elementor-spacer-inner{height:var(--container-widget-height,var(--spacer-size))}.e-con-inner>.elementor-widget-spacer.elementor-widget-empty,.e-con>.elementor-widget-spacer.elementor-widget-empty{position:relative;min-height:22px;min-width:22px}.e-con-inner>.elementor-widget-spacer.elementor-widget-empty .elementor-widget-empty-icon,.e-con>.elementor-widget-spacer.elementor-widget-empty .elementor-widget-empty-icon{position:absolute;top:0;bottom:0;left:0;right:0;margin:auto;padding:0;width:22px;height:22px}<\/style>\t\t<div class=\"elementor-spacer\">\n\t\t\t<div class=\"elementor-spacer-inner\"><\/div>\n\t\t<\/div>\n\t\t\t\t<\/div>\n\t\t\t\t<\/div>\n\t\t\t\t<section class=\"elementor-section elementor-inner-section elementor-element elementor-element-bb9476a elementor-section-boxed elementor-section-height-default elementor-section-height-default\" data-id=\"bb9476a\" data-element_type=\"section\">\n\t\t\t\t\t\t<div class=\"elementor-container elementor-column-gap-default\">\n\t\t\t\t\t<div class=\"elementor-column elementor-col-100 elementor-inner-column elementor-element elementor-element-a4b7d8a\" data-id=\"a4b7d8a\" data-element_type=\"column\">\n\t\t\t<div class=\"elementor-widget-wrap elementor-element-populated\">\n\t\t\t\t\t\t<div class=\"elementor-element elementor-element-1468111 elementor-widget elementor-widget-heading\" data-id=\"1468111\" data-element_type=\"widget\" data-widget_type=\"heading.default\">\n\t\t\t\t<div class=\"elementor-widget-container\">\n\t\t\t<h2 class=\"elementor-heading-title elementor-size-default\">\nCDC 2 - R\u00e9cr\u00e9atif\n<\/h2>\t\t<\/div>\n\t\t\t\t<\/div>\n\t\t\t\t<div class=\"elementor-element elementor-element-be949f6 elementor-widget elementor-widget-text-editor\" data-id=\"be949f6\" data-element_type=\"widget\" data-widget_type=\"text-editor.default\">\n\t\t\t\t<div class=\"elementor-widget-container\">\n\t\t\t\t\t\t\t<div class=\"elementor-element elementor-element-793973a elementor-widget elementor-widget-text-editor\" data-id=\"793973a\" data-element_type=\"widget\" data-widget_type=\"text-editor.default\"><div class=\"elementor-widget-container\"><div class=\"elementor-element elementor-element-641548f elementor-widget elementor-widget-text-editor\" data-id=\"641548f\" data-element_type=\"widget\" data-widget_type=\"text-editor.default\"><div class=\"elementor-widget-container\"><ul><li><strong><em>\u00c0 la base (U4-U8)<\/em><\/strong><\/li><li><strong><em>Ligue interne (U9-U16)<\/em><\/strong><\/li><\/ul><\/div><\/div><div class=\"elementor-element elementor-element-77b78e9 elementor-widget elementor-widget-text-editor\" data-id=\"77b78e9\" data-element_type=\"widget\" data-widget_type=\"text-editor.default\"><div class=\"elementor-widget-container\"><p>Le CDC-2 est un programme de soccer r\u00e9cr\u00e9atif pour les filles (F) et les gar\u00e7ons (M) qui est cat\u00e9goris\u00e9 par ann\u00e9e de naissance et de genre. Aucune exp\u00e9rience, s\u00e9lections, photos ou passeports de soccer ne sont requis. Les prot\u00e8ge-tibias et les chaussures de soccer d'ext\u00e9rieur sont obligatoires et doivent \u00eatre fournis par les participants. Les frais d'activit\u00e9 associ\u00e9s comprennent un ensemble de tenue de soccer par joueur, comprenant un maillot, un short, des chaussettes, un ballon de soccer et un sac \u00e0 dos, et incluent les taxes.<\/p><\/div><\/div><\/div><\/div>\t\t\t\t\t\t<\/div>\n\t\t\t\t<\/div>\n\t\t\t\t<div class=\"elementor-element elementor-element-16cc2ab elementor-widget__width-auto elementor-widget elementor-widget-button\" data-id=\"16cc2ab\" data-element_type=\"widget\" data-widget_type=\"button.default\">\n\t\t\t\t<div class=\"elementor-widget-container\">\n\t\t\t\t\t<div class=\"elementor-button-wrapper\">\n\t\t\t<a class=\"elementor-button elementor-button-link elementor-size-sm\" href=\"\/cdc-2-recreational\/\">\n\t\t\t\t\t\t<span class=\"elementor-button-content-wrapper\">\n\t\t\t\t\t\t<span class=\"elementor-button-text\">Voir plus<\/span>\n\t\t<\/span>\n\t\t\t\t\t<\/a>\n\t\t<\/div>\n\t\t\t\t<\/div>\n\t\t\t\t<\/div>\n\t\t\t\t<div class=\"elementor-element elementor-element-46c83ae elementor-widget__width-auto elementor-widget elementor-widget-button\" data-id=\"46c83ae\" data-element_type=\"widget\" data-widget_type=\"button.default\">\n\t\t\t\t<div class=\"elementor-widget-container\">\n\t\t\t\t\t<div class=\"elementor-button-wrapper\">\n\t\t\t<a class=\"elementor-button elementor-button-link elementor-size-sm\" href=\"https:\/\/page.spordle.com\/fr\/st-laurent-c\">\n\t\t\t\t\t\t<span class=\"elementor-button-content-wrapper\">\n\t\t\t\t\t\t<span class=\"elementor-button-text\">S'inscrire <\/span>\n\t\t<\/span>\n\t\t\t\t\t<\/a>\n\t\t<\/div>\n\t\t\t\t<\/div>\n\t\t\t\t<\/div>\n\t\t\t\t\t<\/div>\n\t\t<\/div>\n\t\t\t\t\t<\/div>\n\t\t<\/section>\n\t\t\t\t<div class=\"elementor-element elementor-element-bddda5a elementor-widget elementor-widget-spacer\" data-id=\"bddda5a\" data-element_type=\"widget\" data-widget_type=\"spacer.default\">\n\t\t\t\t<div class=\"elementor-widget-container\">\n\t\t\t\t\t<div class=\"elementor-spacer\">\n\t\t\t<div class=\"elementor-spacer-inner\"><\/div>\n\t\t<\/div>\n\t\t\t\t<\/div>\n\t\t\t\t<\/div>\n\t\t\t\t<section class=\"elementor-section elementor-inner-section elementor-element elementor-element-1ca325d elementor-section-boxed elementor-section-height-default elementor-section-height-default\" data-id=\"1ca325d\" data-element_type=\"section\">\n\t\t\t\t\t\t<div class=\"elementor-container elementor-column-gap-default\">\n\t\t\t\t\t<div class=\"elementor-column elementor-col-100 elementor-inner-column elementor-element elementor-element-3537e47\" data-id=\"3537e47\" data-element_type=\"column\">\n\t\t\t<div class=\"elementor-widget-wrap elementor-element-populated\">\n\t\t\t\t\t\t<div class=\"elementor-element elementor-element-395f975 elementor-widget elementor-widget-heading\" data-id=\"395f975\" data-element_type=\"widget\" data-widget_type=\"heading.default\">\n\t\t\t\t<div class=\"elementor-widget-container\">\n\t\t\t<h2 class=\"elementor-heading-title elementor-size-default\">\nCDC 1 \u2013 Avanc\u00e9 (U9-U12)\n<\/h2>\t\t<\/div>\n\t\t\t\t<\/div>\n\t\t\t\t<div class=\"elementor-element elementor-element-41de16e elementor-widget elementor-widget-text-editor\" data-id=\"41de16e\" data-element_type=\"widget\" data-widget_type=\"text-editor.default\">\n\t\t\t\t<div class=\"elementor-widget-container\">\n\t\t\t\t\t\t\t<div class=\"elementor-element elementor-element-793973a elementor-widget elementor-widget-text-editor\" data-id=\"793973a\" data-element_type=\"widget\" data-widget_type=\"text-editor.default\"><div class=\"elementor-widget-container\"><div class=\"elementor-element elementor-element-641548f elementor-widget elementor-widget-text-editor\" data-id=\"641548f\" data-element_type=\"widget\" data-widget_type=\"text-editor.default\"><div class=\"elementor-widget-container\"><p>Un programme de soccer ax\u00e9 sur la comp\u00e9tition pour les filles (F) et les gar\u00e7ons (M) plus avanc\u00e9s. Le programme est r\u00e9serv\u00e9 aux joueurs d\u00e9j\u00e0 pr\u00e9sents dans l'une des \u00e9quipes CDC-1 du club ou aux nouveaux joueurs approuv\u00e9s par le personnel technique. Pour plus d'informations, veuillez nous envoyer un courriel \u00e0 <a href=\"mailto:teams@soccerstl.ca\">\u00e9quipes@soccerstl.ca<\/a> et indiquez CDC-1 dans la ligne d'objet.<\/p><\/div><\/div><\/div><\/div>\t\t\t\t\t\t<\/div>\n\t\t\t\t<\/div>\n\t\t\t\t<div class=\"elementor-element elementor-element-54b8145 elementor-widget__width-auto elementor-widget elementor-widget-button\" data-id=\"54b8145\" data-element_type=\"widget\" data-widget_type=\"button.default\">\n\t\t\t\t<div class=\"elementor-widget-container\">\n\t\t\t\t\t<div class=\"elementor-button-wrapper\">\n\t\t\t<a class=\"elementor-button elementor-button-link elementor-size-sm\" href=\"\/cdc-1-advanced-u9-u12\/\">\n\t\t\t\t\t\t<span class=\"elementor-button-content-wrapper\">\n\t\t\t\t\t\t<span class=\"elementor-button-text\">Voir plus<\/span>\n\t\t<\/span>\n\t\t\t\t\t<\/a>\n\t\t<\/div>\n\t\t\t\t<\/div>\n\t\t\t\t<\/div>\n\t\t\t\t<div class=\"elementor-element elementor-element-7b0df7f elementor-widget__width-auto elementor-widget elementor-widget-button\" data-id=\"7b0df7f\" data-element_type=\"widget\" data-widget_type=\"button.default\">\n\t\t\t\t<div class=\"elementor-widget-container\">\n\t\t\t\t\t<div class=\"elementor-button-wrapper\">\n\t\t\t<a class=\"elementor-button elementor-button-link elementor-size-sm\" href=\"https:\/\/page.spordle.com\/fr\/st-laurent-c\">\n\t\t\t\t\t\t<span class=\"elementor-button-content-wrapper\">\n\t\t\t\t\t\t<span class=\"elementor-button-text\">S'inscrire <\/span>\n\t\t<\/span>\n\t\t\t\t\t<\/a>\n\t\t<\/div>\n\t\t\t\t<\/div>\n\t\t\t\t<\/div>\n\t\t\t\t\t<\/div>\n\t\t<\/div>\n\t\t\t\t\t<\/div>\n\t\t<\/section>\n\t\t\t\t<div class=\"elementor-element elementor-element-35676f4 elementor-widget elementor-widget-spacer\" data-id=\"35676f4\" data-element_type=\"widget\" data-widget_type=\"spacer.default\">\n\t\t\t\t<div class=\"elementor-widget-container\">\n\t\t\t\t\t<div class=\"elementor-spacer\">\n\t\t\t<div class=\"elementor-spacer-inner\"><\/div>\n\t\t<\/div>\n\t\t\t\t<\/div>\n\t\t\t\t<\/div>\n\t\t\t\t<section class=\"elementor-section elementor-inner-section elementor-element elementor-element-1f4c91d elementor-section-boxed elementor-section-height-default elementor-section-height-default\" data-id=\"1f4c91d\" data-element_type=\"section\">\n\t\t\t\t\t\t<div class=\"elementor-container elementor-column-gap-default\">\n\t\t\t\t\t<div class=\"elementor-column elementor-col-100 elementor-inner-column elementor-element elementor-element-d462801\" data-id=\"d462801\" data-element_type=\"column\">\n\t\t\t<div class=\"elementor-widget-wrap elementor-element-populated\">\n\t\t\t\t\t\t<div class=\"elementor-element elementor-element-9e92312 elementor-widget elementor-widget-heading\" data-id=\"9e92312\" data-element_type=\"widget\" data-widget_type=\"heading.default\">\n\t\t\t\t<div class=\"elementor-widget-container\">\n\t\t\t<h2 class=\"elementor-heading-title elementor-size-default\">\nCOMP\u00c9TITIF (U13-Senior)\n<\/h2>\t\t<\/div>\n\t\t\t\t<\/div>\n\t\t\t\t<div class=\"elementor-element elementor-element-ba2f22a elementor-widget elementor-widget-text-editor\" data-id=\"ba2f22a\" data-element_type=\"widget\" data-widget_type=\"text-editor.default\">\n\t\t\t\t<div class=\"elementor-widget-container\">\n\t\t\t\t\t\t\t<div class=\"elementor-element elementor-element-793973a elementor-widget elementor-widget-text-editor\" data-id=\"793973a\" data-element_type=\"widget\" data-widget_type=\"text-editor.default\"><div class=\"elementor-widget-container\"><div class=\"elementor-element elementor-element-641548f elementor-widget elementor-widget-text-editor\" data-id=\"641548f\" data-element_type=\"widget\" data-widget_type=\"text-editor.default\"><div class=\"elementor-widget-container\"><p>CS Saint-Laurent offre aux jeunes athl\u00e8tes la possibilit\u00e9 de d\u00e9velopper et de vivre leur meilleur soccer \u00e0 diff\u00e9rents niveaux de comp\u00e9tition :<\/p><\/div><\/div><\/div><\/div>\t\t\t\t\t\t<\/div>\n\t\t\t\t<\/div>\n\t\t\t\t<div class=\"elementor-element elementor-element-82c55d1 elementor-widget__width-auto elementor-widget elementor-widget-button\" data-id=\"82c55d1\" data-element_type=\"widget\" data-widget_type=\"button.default\">\n\t\t\t\t<div class=\"elementor-widget-container\">\n\t\t\t\t\t<div class=\"elementor-button-wrapper\">\n\t\t\t<a class=\"elementor-button elementor-button-link elementor-size-sm\" href=\"\/competitive-u13-senior\/\">\n\t\t\t\t\t\t<span class=\"elementor-button-content-wrapper\">\n\t\t\t\t\t\t<span class=\"elementor-button-text\">Voir plus<\/span>\n\t\t<\/span>\n\t\t\t\t\t<\/a>\n\t\t<\/div>\n\t\t\t\t<\/div>\n\t\t\t\t<\/div>\n\t\t\t\t<div class=\"elementor-element elementor-element-a771187 elementor-widget__width-auto elementor-widget elementor-widget-button\" data-id=\"a771187\" data-element_type=\"widget\" data-widget_type=\"button.default\">\n\t\t\t\t<div class=\"elementor-widget-container\">\n\t\t\t\t\t<div class=\"elementor-button-wrapper\">\n\t\t\t<a class=\"elementor-button elementor-button-link elementor-size-sm\" href=\"https:\/\/page.spordle.com\/fr\/st-laurent-c\">\n\t\t\t\t\t\t<span class=\"elementor-button-content-wrapper\">\n\t\t\t\t\t\t<span class=\"elementor-button-text\">S'inscrire <\/span>\n\t\t<\/span>\n\t\t\t\t\t<\/a>\n\t\t<\/div>\n\t\t\t\t<\/div>\n\t\t\t\t<\/div>\n\t\t\t\t\t<\/div>\n\t\t<\/div>\n\t\t\t\t\t<\/div>\n\t\t<\/section>\n\t\t\t\t<div class=\"elementor-element elementor-element-31b480f elementor-widget elementor-widget-spacer\" data-id=\"31b480f\" data-element_type=\"widget\" data-widget_type=\"spacer.default\">\n\t\t\t\t<div class=\"elementor-widget-container\">\n\t\t\t\t\t<div class=\"elementor-spacer\">\n\t\t\t<div class=\"elementor-spacer-inner\"><\/div>\n\t\t<\/div>\n\t\t\t\t<\/div>\n\t\t\t\t<\/div>\n\t\t\t\t\t<\/div>\n\t\t<\/div>\n\t\t\t\t\t<\/div>\n\t\t<\/section>\n\t\t\t\t<\/div>","protected":false},"excerpt":{"rendered":"<p>SOCCER PROGRAMS &#8211; Player Pathway CDC &#8211; Description For over a decade, Soccer Canada has been advocating for clubs to adopt a program prioritizing player development. Since May 2020, Soccer Quebec has made it a requirement for clubs seeking accreditation to implement this type of program. This novel framework, known as the Club Development Center [&hellip;]<\/p>","protected":false},"author":1,"featured_media":0,"parent":0,"menu_order":0,"comment_status":"closed","ping_status":"closed","template":"","meta":{"footnotes":""},"class_list":["post-1725","page","type-page","status-publish","hentry"],"_links":{"self":[{"href":"https:\/\/saint.bhpmedia.ca\/francais\/wp-json\/wp\/v2\/pages\/1725","targetHints":{"allow":["GET"]}}],"collection":[{"href":"https:\/\/saint.bhpmedia.ca\/francais\/wp-json\/wp\/v2\/pages"}],"about":[{"href":"https:\/\/saint.bhpmedia.ca\/francais\/wp-json\/wp\/v2\/types\/page"}],"author":[{"embeddable":true,"href":"https:\/\/saint.bhpmedia.ca\/francais\/wp-json\/wp\/v2\/users\/1"}],"replies":[{"embeddable":true,"href":"https:\/\/saint.bhpmedia.ca\/francais\/wp-json\/wp\/v2\/comments?post=1725"}],"version-history":[{"count":94,"href":"https:\/\/saint.bhpmedia.ca\/francais\/wp-json\/wp\/v2\/pages\/1725\/revisions"}],"predecessor-version":[{"id":2611,"href":"https:\/\/saint.bhpmedia.ca\/francais\/wp-json\/wp\/v2\/pages\/1725\/revisions\/2611"}],"wp:attachment":[{"href":"https:\/\/saint.bhpmedia.ca\/francais\/wp-json\/wp\/v2\/media?parent=1725"}],"curies":[{"name":"wp","href":"https:\/\/api.w.org\/{rel}","templated":true}]}}