{"id":1702,"date":"2024-03-01T17:36:19","date_gmt":"2024-03-01T17:36:19","guid":{"rendered":"https:\/\/saint.bhpmedia.ca\/?page_id=1702"},"modified":"2024-03-11T20:22:19","modified_gmt":"2024-03-11T20:22:19","slug":"tryouts","status":"publish","type":"page","link":"https:\/\/saint.bhpmedia.ca\/francais\/tryouts\/","title":{"rendered":"Essais"},"content":{"rendered":"<div data-elementor-type=\"wp-page\" data-elementor-id=\"1702\" class=\"elementor elementor-1702\" data-elementor-post-type=\"page\">\n\t\t\t\t\t\t<section class=\"elementor-section elementor-top-section elementor-element elementor-element-908c0c1 elementor-section-boxed elementor-section-height-default elementor-section-height-default\" data-id=\"908c0c1\" data-element_type=\"section\">\n\t\t\t\t\t\t<div class=\"elementor-container elementor-column-gap-default\">\n\t\t\t\t\t<div class=\"elementor-column elementor-col-50 elementor-top-column elementor-element elementor-element-d13a2d5\" data-id=\"d13a2d5\" data-element_type=\"column\">\n\t\t\t<div class=\"elementor-widget-wrap elementor-element-populated\">\n\t\t\t\t\t\t<div class=\"elementor-element elementor-element-caae9eb elementor-widget elementor-widget-heading\" data-id=\"caae9eb\" data-element_type=\"widget\" data-widget_type=\"heading.default\">\n\t\t\t\t<div class=\"elementor-widget-container\">\n\t\t\t<style>\/*! elementor - v3.20.0 - 20-03-2024 *\/\n.elementor-heading-title{padding:0;margin:0;line-height:1}.elementor-widget-heading .elementor-heading-title[class*=elementor-size-]>a{color:inherit;font-size:inherit;line-height:inherit}.elementor-widget-heading .elementor-heading-title.elementor-size-small{font-size:15px}.elementor-widget-heading .elementor-heading-title.elementor-size-medium{font-size:19px}.elementor-widget-heading .elementor-heading-title.elementor-size-large{font-size:29px}.elementor-widget-heading .elementor-heading-title.elementor-size-xl{font-size:39px}.elementor-widget-heading .elementor-heading-title.elementor-size-xxl{font-size:59px}<\/style><h2 class=\"elementor-heading-title elementor-size-default\">Essais 2024<\/h2>\t\t<\/div>\n\t\t\t\t<\/div>\n\t\t\t\t<div class=\"elementor-element elementor-element-0fafe83 elementor-widget elementor-widget-text-editor\" data-id=\"0fafe83\" data-element_type=\"widget\" data-widget_type=\"text-editor.default\">\n\t\t\t\t<div class=\"elementor-widget-container\">\n\t\t\t<style>\/*! elementor - v3.20.0 - 20-03-2024 *\/\n.elementor-widget-text-editor.elementor-drop-cap-view-stacked .elementor-drop-cap{background-color:#69727d;color:#fff}.elementor-widget-text-editor.elementor-drop-cap-view-framed .elementor-drop-cap{color:#69727d;border:3px solid;background-color:transparent}.elementor-widget-text-editor:not(.elementor-drop-cap-view-default) .elementor-drop-cap{margin-top:8px}.elementor-widget-text-editor:not(.elementor-drop-cap-view-default) .elementor-drop-cap-letter{width:1em;height:1em}.elementor-widget-text-editor .elementor-drop-cap{float:left;text-align:center;line-height:1;font-size:50px}.elementor-widget-text-editor .elementor-drop-cap-letter{display:inline-block}<\/style>\t\t\t\tLes essais pour les \u00e9quipes comp\u00e9titives de CS Saint-Laurent ont lieu \u00e0 diff\u00e9rents moments de l'ann\u00e9e en fonction de l'\u00e9quipe particuli\u00e8re et de la saison correspondante. Pour obtenir des informations sur les essais, veuillez remplir et soumettre le formulaire de contact suivant, en indiquant le niveau de jeu (si vous le connaissez) dans la section Commentaires :\t\t\t\t\t\t<\/div>\n\t\t\t\t<\/div>\n\t\t\t\t<div class=\"elementor-element elementor-element-1830775 elementor-widget elementor-widget-spacer\" data-id=\"1830775\" data-element_type=\"widget\" data-widget_type=\"spacer.default\">\n\t\t\t\t<div class=\"elementor-widget-container\">\n\t\t\t<style>\/*! elementor - v3.20.0 - 20-03-2024 *\/\n.elementor-column .elementor-spacer-inner{height:var(--spacer-size)}.e-con{--container-widget-width:100%}.e-con-inner>.elementor-widget-spacer,.e-con>.elementor-widget-spacer{width:var(--container-widget-width,var(--spacer-size));--align-self:var(--container-widget-align-self,initial);--flex-shrink:0}.e-con-inner>.elementor-widget-spacer>.elementor-widget-container,.e-con>.elementor-widget-spacer>.elementor-widget-container{height:100%;width:100%}.e-con-inner>.elementor-widget-spacer>.elementor-widget-container>.elementor-spacer,.e-con>.elementor-widget-spacer>.elementor-widget-container>.elementor-spacer{height:100%}.e-con-inner>.elementor-widget-spacer>.elementor-widget-container>.elementor-spacer>.elementor-spacer-inner,.e-con>.elementor-widget-spacer>.elementor-widget-container>.elementor-spacer>.elementor-spacer-inner{height:var(--container-widget-height,var(--spacer-size))}.e-con-inner>.elementor-widget-spacer.elementor-widget-empty,.e-con>.elementor-widget-spacer.elementor-widget-empty{position:relative;min-height:22px;min-width:22px}.e-con-inner>.elementor-widget-spacer.elementor-widget-empty .elementor-widget-empty-icon,.e-con>.elementor-widget-spacer.elementor-widget-empty .elementor-widget-empty-icon{position:absolute;top:0;bottom:0;left:0;right:0;margin:auto;padding:0;width:22px;height:22px}<\/style>\t\t<div class=\"elementor-spacer\">\n\t\t\t<div class=\"elementor-spacer-inner\"><\/div>\n\t\t<\/div>\n\t\t\t\t<\/div>\n\t\t\t\t<\/div>\n\t\t\t\t<div class=\"elementor-element elementor-element-5178e4c elementor-widget elementor-widget-heading\" data-id=\"5178e4c\" data-element_type=\"widget\" data-widget_type=\"heading.default\">\n\t\t\t\t<div class=\"elementor-widget-container\">\n\t\t\t<h2 class=\"elementor-heading-title elementor-size-default\">Formulaire de demande d'essai<\/h2>\t\t<\/div>\n\t\t\t\t<\/div>\n\t\t\t\t<div class=\"elementor-element elementor-element-92c169b elementor-widget elementor-widget-wpforms\" data-id=\"92c169b\" data-element_type=\"widget\" data-widget_type=\"wpforms.default\">\n\t\t\t\t<div class=\"elementor-widget-container\">\n\t\t\t<style id=\"wpforms-css-vars-root\">\n\t\t\t\t:root {\n\t\t\t\t\t--wpforms-field-border-radius: 3px;\n--wpforms-field-background-color: #ffffff;\n--wpforms-field-border-color: rgba( 0, 0, 0, 0.25 );\n--wpforms-field-text-color: rgba( 0, 0, 0, 0.7 );\n--wpforms-label-color: rgba( 0, 0, 0, 0.85 );\n--wpforms-label-sublabel-color: rgba( 0, 0, 0, 0.55 );\n--wpforms-label-error-color: #d63637;\n--wpforms-button-border-radius: 3px;\n--wpforms-button-background-color: #066aab;\n--wpforms-button-text-color: #ffffff;\n--wpforms-page-break-color: #066aab;\n--wpforms-field-size-input-height: 43px;\n--wpforms-field-size-input-spacing: 15px;\n--wpforms-field-size-font-size: 16px;\n--wpforms-field-size-line-height: 19px;\n--wpforms-field-size-padding-h: 14px;\n--wpforms-field-size-checkbox-size: 16px;\n--wpforms-field-size-sublabel-spacing: 5px;\n--wpforms-field-size-icon-size: 1;\n--wpforms-label-size-font-size: 16px;\n--wpforms-label-size-line-height: 19px;\n--wpforms-label-size-sublabel-font-size: 14px;\n--wpforms-label-size-sublabel-line-height: 17px;\n--wpforms-button-size-font-size: 17px;\n--wpforms-button-size-height: 41px;\n--wpforms-button-size-padding-h: 15px;\n--wpforms-button-size-margin-top: 10px;\n\n\t\t\t\t}\n\t\t\t<\/style><style id=\"wpforms-css-vars-elementor-widget-92c169b\">\n\t\t\t\t.elementor-widget-wpforms.elementor-element-92c169b {\n\t\t\t\t\t--wpforms-field-border-radius: 0px;\n--wpforms-button-border-radius: 0px;\n--wpforms-button-background-color: #1B1E4C;\n--wpforms-field-size-input-height: 50px;\n--wpforms-field-size-input-spacing: 20px;\n--wpforms-field-size-font-size: 18px;\n--wpforms-field-size-line-height: 21px;\n--wpforms-field-size-padding-h: 14px;\n--wpforms-field-size-checkbox-size: 18px;\n--wpforms-field-size-sublabel-spacing: 10px;\n--wpforms-field-size-icon-size: 1.25;\n--wpforms-label-size-font-size: 16px;\n--wpforms-label-size-line-height: 19px;\n--wpforms-label-size-sublabel-font-size: 14px;\n--wpforms-label-size-sublabel-line-height: 17px;\n--wpforms-button-size-font-size: 20px;\n--wpforms-button-size-height: 48px;\n--wpforms-button-size-padding-h: 20px;\n--wpforms-button-size-margin-top: 15px;\n\n\t\t\t\t}\n\t\t\t<\/style><div class=\"wpforms-container wpforms-container-full wpforms-render-modern\" id=\"wpforms-1713\"><form id=\"wpforms-form-1713\" class=\"wpforms-validate wpforms-form wpforms-ajax-form\" data-formid=\"1713\" method=\"post\" enctype=\"multipart\/form-data\" action=\"\/francais\/wp-json\/wp\/v2\/pages\/1702\" data-token=\"27f55937625cfba1db43c3d912f79193\" data-trp-original-action=\"\/francais\/wp-json\/wp\/v2\/pages\/1702\"><noscript class=\"wpforms-error-noscript\">Please enable JavaScript in your browser to complete this form.<\/noscript><div class=\"wpforms-hidden\" id=\"wpforms-error-noscript\">Please enable JavaScript in your browser to complete this form.<\/div><div class=\"wpforms-field-container\"><div id=\"wpforms-1713-field_10-container\" class=\"wpforms-field wpforms-field-text walwpf-datepicker\" data-field-id=\"10\"><label class=\"wpforms-field-label\" for=\"wpforms-1713-field_10\">Date <span class=\"wpforms-required-label\" aria-hidden=\"true\">*<\/span><\/label><input type=\"text\" id=\"wpforms-1713-field_10\" class=\"wpforms-field-small wpforms-field-required\" name=\"wpforms[fields][10]\" aria-errormessage=\"wpforms-1713-field_10-error\" required><\/div><div id=\"wpforms-1713-field_2-container\" class=\"wpforms-field wpforms-field-name wpforms-one-half wpforms-first\" data-field-id=\"2\"><label class=\"wpforms-field-label\" for=\"wpforms-1713-field_2\">Nom de famille <span class=\"wpforms-required-label\" aria-hidden=\"true\">*<\/span><\/label><input type=\"text\" id=\"wpforms-1713-field_2\" class=\"wpforms-field-large wpforms-field-required\" name=\"wpforms[fields][2]\" aria-errormessage=\"wpforms-1713-field_2-error\" required><\/div><div id=\"wpforms-1713-field_4-container\" class=\"wpforms-field wpforms-field-name wpforms-one-half\" data-field-id=\"4\"><label class=\"wpforms-field-label\" for=\"wpforms-1713-field_4\">Pr\u00e9nom<\/label><input type=\"text\" id=\"wpforms-1713-field_4\" class=\"wpforms-field-large\" name=\"wpforms[fields][4]\" aria-errormessage=\"wpforms-1713-field_4-error\" ><\/div><div id=\"wpforms-1713-field_5-container\" class=\"wpforms-field wpforms-field-text walwpf-datepicker\" data-field-id=\"5\"><label class=\"wpforms-field-label\" for=\"wpforms-1713-field_5\">Ann\u00e9e de Naissance<\/label><input type=\"text\" id=\"wpforms-1713-field_5\" class=\"wpforms-field-small\" name=\"wpforms[fields][5]\" aria-errormessage=\"wpforms-1713-field_5-error\" ><\/div><div id=\"wpforms-1713-field_6-container\" class=\"wpforms-field wpforms-field-radio\" data-field-id=\"6\"><fieldset><legend class=\"wpforms-field-label\">Genre <span class=\"wpforms-required-label\" aria-hidden=\"true\">*<\/span><\/legend><ul id=\"wpforms-1713-field_6\" class=\"wpforms-field-required\"><li class=\"choice-1 depth-1\"><input type=\"radio\" id=\"wpforms-1713-field_6_1\" name=\"wpforms[fields][6]\" value=\"Male\" aria-errormessage=\"wpforms-1713-field_6_1-error\" required><label class=\"wpforms-field-label-inline\" for=\"wpforms-1713-field_6_1\">Male<\/label><\/li><li class=\"choice-2 depth-1\"><input type=\"radio\" id=\"wpforms-1713-field_6_2\" name=\"wpforms[fields][6]\" value=\"Female\" aria-errormessage=\"wpforms-1713-field_6_2-error\" required><label class=\"wpforms-field-label-inline\" for=\"wpforms-1713-field_6_2\">Female<\/label><\/li><\/ul><\/fieldset><\/div><div id=\"wpforms-1713-field_7-container\" class=\"wpforms-field wpforms-field-email\" data-field-id=\"7\"><label class=\"wpforms-field-label\" for=\"wpforms-1713-field_7\">Courriel <span class=\"wpforms-required-label\" aria-hidden=\"true\">*<\/span><\/label><input type=\"email\" id=\"wpforms-1713-field_7\" class=\"wpforms-field-large wpforms-field-required\" name=\"wpforms[fields][7]\" spellcheck=\"false\" aria-errormessage=\"wpforms-1713-field_7-error\" required><\/div><div id=\"wpforms-1713-field_8-container\" class=\"wpforms-field wpforms-field-number\" data-field-id=\"8\"><label class=\"wpforms-field-label\" for=\"wpforms-1713-field_8\">Num\u00e9ro de t\u00e9l\u00e9phone <span class=\"wpforms-required-label\" aria-hidden=\"true\">*<\/span><\/label><input type=\"number\" pattern=\"\\d*\" id=\"wpforms-1713-field_8\" class=\"wpforms-field-large wpforms-field-required\" name=\"wpforms[fields][8]\" aria-errormessage=\"wpforms-1713-field_8-error\" required><\/div><div id=\"wpforms-1713-field_9-container\" class=\"wpforms-field wpforms-field-textarea\" data-field-id=\"9\"><label class=\"wpforms-field-label\" for=\"wpforms-1713-field_9\">Commentaires <span class=\"wpforms-required-label\" aria-hidden=\"true\">*<\/span><\/label><textarea id=\"wpforms-1713-field_9\" class=\"wpforms-field-medium wpforms-field-required\" name=\"wpforms[fields][9]\" aria-errormessage=\"wpforms-1713-field_9-error\" required><\/textarea><\/div><\/div><!-- .wpforms-field-container --><div class=\"wpforms-submit-container\" ><input type=\"hidden\" name=\"wpforms[id]\" value=\"1713\"><input type=\"hidden\" name=\"wpforms[author]\" value=\"1\"><button type=\"submit\" name=\"wpforms[submit]\" id=\"wpforms-submit-1713\" class=\"wpforms-submit\" data-alt-text=\"Sending...\" data-submit-text=\"Submit\" aria-live=\"assertive\" value=\"wpforms-submit\">Soumettre<\/button><img decoding=\"async\" src=\"https:\/\/saint.bhpmedia.ca\/wp-content\/plugins\/wpforms\/assets\/images\/submit-spin.svg\" class=\"wpforms-submit-spinner\" style=\"display: none;\" width=\"26\" height=\"26\" alt=\"Loading\"><\/div><input type=\"hidden\" name=\"trp-form-language\" value=\"francais\"\/><\/form><\/div>  <!-- .wpforms-container -->\t\t<\/div>\n\t\t\t\t<\/div>\n\t\t\t\t\t<\/div>\n\t\t<\/div>\n\t\t\t\t<div class=\"elementor-column elementor-col-50 elementor-top-column elementor-element elementor-element-863e8d4\" data-id=\"863e8d4\" data-element_type=\"column\">\n\t\t\t<div class=\"elementor-widget-wrap\">\n\t\t\t\t\t\t\t<\/div>\n\t\t<\/div>\n\t\t\t\t\t<\/div>\n\t\t<\/section>\n\t\t\t\t<\/div>","protected":false},"excerpt":{"rendered":"<p>Tryout Schedule 2024 Tryouts for CS Saint-Laurent competitive teams occur at different times of the year depending on the particular team and corresponding season. To inquire about a tryout, please fill out and submit the following contact form, indicating the playing level (if you know it) in the Comments section: Tryout Request Form Please enable [&hellip;]<\/p>","protected":false},"author":1,"featured_media":0,"parent":0,"menu_order":0,"comment_status":"closed","ping_status":"closed","template":"","meta":{"footnotes":""},"class_list":["post-1702","page","type-page","status-publish","hentry"],"_links":{"self":[{"href":"https:\/\/saint.bhpmedia.ca\/francais\/wp-json\/wp\/v2\/pages\/1702","targetHints":{"allow":["GET"]}}],"collection":[{"href":"https:\/\/saint.bhpmedia.ca\/francais\/wp-json\/wp\/v2\/pages"}],"about":[{"href":"https:\/\/saint.bhpmedia.ca\/francais\/wp-json\/wp\/v2\/types\/page"}],"author":[{"embeddable":true,"href":"https:\/\/saint.bhpmedia.ca\/francais\/wp-json\/wp\/v2\/users\/1"}],"replies":[{"embeddable":true,"href":"https:\/\/saint.bhpmedia.ca\/francais\/wp-json\/wp\/v2\/comments?post=1702"}],"version-history":[{"count":28,"href":"https:\/\/saint.bhpmedia.ca\/francais\/wp-json\/wp\/v2\/pages\/1702\/revisions"}],"predecessor-version":[{"id":2460,"href":"https:\/\/saint.bhpmedia.ca\/francais\/wp-json\/wp\/v2\/pages\/1702\/revisions\/2460"}],"wp:attachment":[{"href":"https:\/\/saint.bhpmedia.ca\/francais\/wp-json\/wp\/v2\/media?parent=1702"}],"curies":[{"name":"wp","href":"https:\/\/api.w.org\/{rel}","templated":true}]}}