{"id":1417,"date":"2024-02-23T12:46:41","date_gmt":"2024-02-23T12:46:41","guid":{"rendered":"https:\/\/saint.bhpmedia.ca\/?page_id=1417"},"modified":"2024-03-12T19:13:50","modified_gmt":"2024-03-12T19:13:50","slug":"competitive-u13-senior","status":"publish","type":"page","link":"https:\/\/saint.bhpmedia.ca\/francais\/competitive-u13-senior\/","title":{"rendered":"COMP\u00c9TITIF (U13-Senior)"},"content":{"rendered":"<div data-elementor-type=\"wp-page\" data-elementor-id=\"1417\" class=\"elementor elementor-1417\" data-elementor-post-type=\"page\">\n\t\t\t\t\t\t<section class=\"elementor-section elementor-top-section elementor-element elementor-element-8ad92b3 elementor-section-height-min-height elementor-section-boxed elementor-section-height-default elementor-section-items-middle\" data-id=\"8ad92b3\" data-element_type=\"section\" data-settings=\"{&quot;background_background&quot;:&quot;classic&quot;}\">\n\t\t\t\t\t\t<div class=\"elementor-container elementor-column-gap-default\">\n\t\t\t\t\t<div class=\"elementor-column elementor-col-100 elementor-top-column elementor-element elementor-element-5e71f33\" data-id=\"5e71f33\" data-element_type=\"column\">\n\t\t\t<div class=\"elementor-widget-wrap\">\n\t\t\t\t\t\t\t<\/div>\n\t\t<\/div>\n\t\t\t\t\t<\/div>\n\t\t<\/section>\n\t\t\t\t<section class=\"elementor-section elementor-top-section elementor-element elementor-element-a127cd3 elementor-section-boxed elementor-section-height-default elementor-section-height-default\" data-id=\"a127cd3\" data-element_type=\"section\">\n\t\t\t\t\t\t<div class=\"elementor-container elementor-column-gap-default\">\n\t\t\t\t\t<div class=\"elementor-column elementor-col-100 elementor-top-column elementor-element elementor-element-dff0828\" data-id=\"dff0828\" data-element_type=\"column\">\n\t\t\t<div class=\"elementor-widget-wrap elementor-element-populated\">\n\t\t\t\t\t\t<div class=\"elementor-element elementor-element-61ce92c elementor-widget elementor-widget-heading\" data-id=\"61ce92c\" data-element_type=\"widget\" data-widget_type=\"heading.default\">\n\t\t\t\t<div class=\"elementor-widget-container\">\n\t\t\t<style>\/*! elementor - v3.20.0 - 20-03-2024 *\/\n.elementor-heading-title{padding:0;margin:0;line-height:1}.elementor-widget-heading .elementor-heading-title[class*=elementor-size-]>a{color:inherit;font-size:inherit;line-height:inherit}.elementor-widget-heading .elementor-heading-title.elementor-size-small{font-size:15px}.elementor-widget-heading .elementor-heading-title.elementor-size-medium{font-size:19px}.elementor-widget-heading .elementor-heading-title.elementor-size-large{font-size:29px}.elementor-widget-heading .elementor-heading-title.elementor-size-xl{font-size:39px}.elementor-widget-heading .elementor-heading-title.elementor-size-xxl{font-size:59px}<\/style><h2 class=\"elementor-heading-title elementor-size-default\">COMPETITIVE (U13-SENIOR) <\/h2>\t\t<\/div>\n\t\t\t\t<\/div>\n\t\t\t\t<section class=\"elementor-section elementor-inner-section elementor-element elementor-element-4215937 elementor-section-boxed elementor-section-height-default elementor-section-height-default\" data-id=\"4215937\" data-element_type=\"section\">\n\t\t\t\t\t\t<div class=\"elementor-container elementor-column-gap-default\">\n\t\t\t\t\t<div class=\"elementor-column elementor-col-33 elementor-inner-column elementor-element elementor-element-fbc5608\" data-id=\"fbc5608\" data-element_type=\"column\">\n\t\t\t<div class=\"elementor-widget-wrap\">\n\t\t\t\t\t\t\t<\/div>\n\t\t<\/div>\n\t\t\t\t<div class=\"elementor-column elementor-col-33 elementor-inner-column elementor-element elementor-element-14a58fa\" data-id=\"14a58fa\" data-element_type=\"column\">\n\t\t\t<div class=\"elementor-widget-wrap elementor-element-populated\">\n\t\t\t\t\t\t<div class=\"elementor-element elementor-element-5074524 elementor-widget elementor-widget-heading\" data-id=\"5074524\" data-element_type=\"widget\" data-widget_type=\"heading.default\">\n\t\t\t\t<div class=\"elementor-widget-container\">\n\t\t\t<p class=\"elementor-heading-title elementor-size-default\">CS Saint-Laurent offre aux jeunes athl\u00e8tes la possibilit\u00e9 de d\u00e9velopper et de vivre leur meilleur soccer \u00e0 diff\u00e9rents niveaux de comp\u00e9tition :  <\/p>\t\t<\/div>\n\t\t\t\t<\/div>\n\t\t\t\t\t<\/div>\n\t\t<\/div>\n\t\t\t\t<div class=\"elementor-column elementor-col-33 elementor-inner-column elementor-element elementor-element-02954f4\" data-id=\"02954f4\" data-element_type=\"column\">\n\t\t\t<div class=\"elementor-widget-wrap\">\n\t\t\t\t\t\t\t<\/div>\n\t\t<\/div>\n\t\t\t\t\t<\/div>\n\t\t<\/section>\n\t\t\t\t<div class=\"elementor-element elementor-element-ddbcd56 elementor-widget elementor-widget-spacer\" data-id=\"ddbcd56\" data-element_type=\"widget\" data-widget_type=\"spacer.default\">\n\t\t\t\t<div class=\"elementor-widget-container\">\n\t\t\t<style>\/*! elementor - v3.20.0 - 20-03-2024 *\/\n.elementor-column .elementor-spacer-inner{height:var(--spacer-size)}.e-con{--container-widget-width:100%}.e-con-inner>.elementor-widget-spacer,.e-con>.elementor-widget-spacer{width:var(--container-widget-width,var(--spacer-size));--align-self:var(--container-widget-align-self,initial);--flex-shrink:0}.e-con-inner>.elementor-widget-spacer>.elementor-widget-container,.e-con>.elementor-widget-spacer>.elementor-widget-container{height:100%;width:100%}.e-con-inner>.elementor-widget-spacer>.elementor-widget-container>.elementor-spacer,.e-con>.elementor-widget-spacer>.elementor-widget-container>.elementor-spacer{height:100%}.e-con-inner>.elementor-widget-spacer>.elementor-widget-container>.elementor-spacer>.elementor-spacer-inner,.e-con>.elementor-widget-spacer>.elementor-widget-container>.elementor-spacer>.elementor-spacer-inner{height:var(--container-widget-height,var(--spacer-size))}.e-con-inner>.elementor-widget-spacer.elementor-widget-empty,.e-con>.elementor-widget-spacer.elementor-widget-empty{position:relative;min-height:22px;min-width:22px}.e-con-inner>.elementor-widget-spacer.elementor-widget-empty .elementor-widget-empty-icon,.e-con>.elementor-widget-spacer.elementor-widget-empty .elementor-widget-empty-icon{position:absolute;top:0;bottom:0;left:0;right:0;margin:auto;padding:0;width:22px;height:22px}<\/style>\t\t<div class=\"elementor-spacer\">\n\t\t\t<div class=\"elementor-spacer-inner\"><\/div>\n\t\t<\/div>\n\t\t\t\t<\/div>\n\t\t\t\t<\/div>\n\t\t\t\t<div class=\"elementor-element elementor-element-6194228 elementor-widget elementor-widget-text-editor\" data-id=\"6194228\" data-element_type=\"widget\" data-widget_type=\"text-editor.default\">\n\t\t\t\t<div class=\"elementor-widget-container\">\n\t\t\t<style>\/*! elementor - v3.20.0 - 20-03-2024 *\/\n.elementor-widget-text-editor.elementor-drop-cap-view-stacked .elementor-drop-cap{background-color:#69727d;color:#fff}.elementor-widget-text-editor.elementor-drop-cap-view-framed .elementor-drop-cap{color:#69727d;border:3px solid;background-color:transparent}.elementor-widget-text-editor:not(.elementor-drop-cap-view-default) .elementor-drop-cap{margin-top:8px}.elementor-widget-text-editor:not(.elementor-drop-cap-view-default) .elementor-drop-cap-letter{width:1em;height:1em}.elementor-widget-text-editor .elementor-drop-cap{float:left;text-align:center;line-height:1;font-size:50px}.elementor-widget-text-editor .elementor-drop-cap-letter{display:inline-block}<\/style>\t\t\t\t<p><strong>LR<\/strong> (pr\u00e9c\u00e9demment d\u00e9sign\u00e9 comme \u00ab A \u00bb) : Une ligue comp\u00e9titive supervis\u00e9e par l'Association r\u00e9gionale Lac St. Louis. Les \u00e9quipes LR participent \u00e0 des comp\u00e9titions r\u00e9gionales, impliquant g\u00e9n\u00e9ralement 2 \u00e0 3 \u00e9v\u00e9nements hebdomadaires tout au long de l'\u00e9t\u00e9, comprenant \u00e0 la fois des entra\u00eenements et des matchs de la ligue.<\/p><p><strong>LDIR<\/strong> (pr\u00e9c\u00e9demment d\u00e9sign\u00e9e sous le nom de \"AA\") Une ligue comp\u00e9titive \u00e9galement r\u00e9gie par l'Association r\u00e9gionale Lac St. Louis. Les \u00e9quipes de la cat\u00e9gorie LDIR\/AA participent \u00e0 des comp\u00e9titions r\u00e9gionales et mettent l'accent sur le d\u00e9veloppement des joueurs. Les individus jouant \u00e0 ce niveau participent g\u00e9n\u00e9ralement \u00e0 3-4 \u00e9v\u00e9nements par semaine.<\/p><p><strong>LDP <\/strong>\u00c9tend son champ d'action \u00e0 l'ensemble de la province, s'adressant aux joueurs d\u00e9vou\u00e9s au soccer toute l'ann\u00e9e. Ax\u00e9 sur l'\u00e9l\u00e9vation des joueurs aux plus hauts niveaux du sport, le LDP exige un engagement \u00e0 plein temps, avec environ 4 \u00e9v\u00e9nements hebdomadaires programm\u00e9s pour nos \u00e9quipes AAA.<\/p><p><strong>PLSJQ<\/strong> Repr\u00e9sente le summum du soccer amateur au Qu\u00e9bec, r\u00e9serv\u00e9 exclusivement aux clubs accr\u00e9dit\u00e9s avec une licence nationale.<\/p><p>L'inscription aux programmes mentionn\u00e9s est r\u00e9serv\u00e9e aux joueurs d\u00e9j\u00e0 membres d'une \u00e9quipe existante ou aux nouveaux joueurs ayant \u00e9t\u00e9 approuv\u00e9s par le directeur technique ou l'entra\u00eeneur-chef de l'\u00e9quipe en question.<\/p><p>Pour plus d'informations sur nos \u00e9quipes comp\u00e9titives, veuillez nous contacter au <a href=\"mailto:teams@soccerstl.ca\">\u00e9quipes@soccerstl.ca<\/a> Indiquez le niveau de jeu qui vous int\u00e9resse (dans la ligne d'objet).<\/p>\t\t\t\t\t\t<\/div>\n\t\t\t\t<\/div>\n\t\t\t\t<div class=\"elementor-element elementor-element-14938ee elementor-align-center elementor-widget elementor-widget-button\" data-id=\"14938ee\" data-element_type=\"widget\" data-widget_type=\"button.default\">\n\t\t\t\t<div class=\"elementor-widget-container\">\n\t\t\t\t\t<div class=\"elementor-button-wrapper\">\n\t\t\t<a class=\"elementor-button elementor-button-link elementor-size-sm\" href=\"https:\/\/page.spordle.com\/fr\/st-laurent-c\">\n\t\t\t\t\t\t<span class=\"elementor-button-content-wrapper\">\n\t\t\t\t\t\t<span class=\"elementor-button-text\">S'INSCRIRE<\/span>\n\t\t<\/span>\n\t\t\t\t\t<\/a>\n\t\t<\/div>\n\t\t\t\t<\/div>\n\t\t\t\t<\/div>\n\t\t\t\t\t<\/div>\n\t\t<\/div>\n\t\t\t\t\t<\/div>\n\t\t<\/section>\n\t\t\t\t<section class=\"elementor-section elementor-top-section elementor-element elementor-element-76ba059 elementor-section-boxed elementor-section-height-default elementor-section-height-default\" data-id=\"76ba059\" data-element_type=\"section\">\n\t\t\t\t\t\t<div class=\"elementor-container elementor-column-gap-default\">\n\t\t\t\t\t<div class=\"elementor-column elementor-col-100 elementor-top-column elementor-element elementor-element-b1a3fa8\" data-id=\"b1a3fa8\" data-element_type=\"column\">\n\t\t\t<div class=\"elementor-widget-wrap elementor-element-populated\">\n\t\t\t\t\t\t<div class=\"elementor-element elementor-element-a8e3720 elementor-widget elementor-widget-image\" data-id=\"a8e3720\" data-element_type=\"widget\" data-widget_type=\"image.default\">\n\t\t\t\t<div class=\"elementor-widget-container\">\n\t\t\t<style>\/*! elementor - v3.20.0 - 20-03-2024 *\/\n.elementor-widget-image{text-align:center}.elementor-widget-image a{display:inline-block}.elementor-widget-image a img[src$=\".svg\"]{width:48px}.elementor-widget-image img{vertical-align:middle;display:inline-block}<\/style>\t\t\t\t\t\t\t\t\t\t<img fetchpriority=\"high\" decoding=\"async\" width=\"800\" height=\"1021\" src=\"https:\/\/saint.bhpmedia.ca\/wp-content\/uploads\/2024\/03\/varuinnn-Recovered.png\" class=\"attachment-large size-large wp-image-2481\" alt=\"\" srcset=\"https:\/\/saint.bhpmedia.ca\/wp-content\/uploads\/2024\/03\/varuinnn-Recovered.png 1500w, https:\/\/saint.bhpmedia.ca\/wp-content\/uploads\/2024\/03\/varuinnn-Recovered-235x300.png 235w, https:\/\/saint.bhpmedia.ca\/wp-content\/uploads\/2024\/03\/varuinnn-Recovered-802x1024.png 802w, https:\/\/saint.bhpmedia.ca\/wp-content\/uploads\/2024\/03\/varuinnn-Recovered-768x980.png 768w, https:\/\/saint.bhpmedia.ca\/wp-content\/uploads\/2024\/03\/varuinnn-Recovered-1203x1536.png 1203w, https:\/\/saint.bhpmedia.ca\/wp-content\/uploads\/2024\/03\/varuinnn-Recovered-9x12.png 9w\" sizes=\"(max-width: 800px) 100vw, 800px\" \/>\t\t\t\t\t\t\t\t\t\t\t\t\t<\/div>\n\t\t\t\t<\/div>\n\t\t\t\t\t<\/div>\n\t\t<\/div>\n\t\t\t\t\t<\/div>\n\t\t<\/section>\n\t\t\t\t<\/div>","protected":false},"excerpt":{"rendered":"<p>COMPETITIVE (U13-SENIOR) CS Saint-Laurent provides young athletes with the opportunity to develop and experience their best soccer at various levels of competition: LR (previously designated as &#8220;A&#8221;): A competitive league overseen by the Lac St. Louis Regional Association.\u00a0 LR teams participate in regional competitions, typically involving 2-3 weekly events throughout the summer, including both practices [&hellip;]<\/p>","protected":false},"author":1,"featured_media":0,"parent":0,"menu_order":0,"comment_status":"closed","ping_status":"closed","template":"","meta":{"footnotes":""},"class_list":["post-1417","page","type-page","status-publish","hentry"],"_links":{"self":[{"href":"https:\/\/saint.bhpmedia.ca\/francais\/wp-json\/wp\/v2\/pages\/1417","targetHints":{"allow":["GET"]}}],"collection":[{"href":"https:\/\/saint.bhpmedia.ca\/francais\/wp-json\/wp\/v2\/pages"}],"about":[{"href":"https:\/\/saint.bhpmedia.ca\/francais\/wp-json\/wp\/v2\/types\/page"}],"author":[{"embeddable":true,"href":"https:\/\/saint.bhpmedia.ca\/francais\/wp-json\/wp\/v2\/users\/1"}],"replies":[{"embeddable":true,"href":"https:\/\/saint.bhpmedia.ca\/francais\/wp-json\/wp\/v2\/comments?post=1417"}],"version-history":[{"count":16,"href":"https:\/\/saint.bhpmedia.ca\/francais\/wp-json\/wp\/v2\/pages\/1417\/revisions"}],"predecessor-version":[{"id":2494,"href":"https:\/\/saint.bhpmedia.ca\/francais\/wp-json\/wp\/v2\/pages\/1417\/revisions\/2494"}],"wp:attachment":[{"href":"https:\/\/saint.bhpmedia.ca\/francais\/wp-json\/wp\/v2\/media?parent=1417"}],"curies":[{"name":"wp","href":"https:\/\/api.w.org\/{rel}","templated":true}]}}