{"id":1355,"date":"2024-02-23T12:01:38","date_gmt":"2024-02-23T12:01:38","guid":{"rendered":"https:\/\/saint.bhpmedia.ca\/?page_id=1355"},"modified":"2024-03-06T16:29:36","modified_gmt":"2024-03-06T16:29:36","slug":"cdc-2-recreational","status":"publish","type":"page","link":"https:\/\/saint.bhpmedia.ca\/francais\/cdc-2-recreational\/","title":{"rendered":"CDC 2  &#8211; Recreational\u00a0"},"content":{"rendered":"<div data-elementor-type=\"wp-page\" data-elementor-id=\"1355\" class=\"elementor elementor-1355\" data-elementor-post-type=\"page\">\n\t\t\t\t\t\t<section class=\"elementor-section elementor-top-section elementor-element elementor-element-d17e5fd elementor-section-boxed elementor-section-height-default elementor-section-height-default\" data-id=\"d17e5fd\" data-element_type=\"section\">\n\t\t\t\t\t\t<div class=\"elementor-container elementor-column-gap-default\">\n\t\t\t\t\t<div class=\"elementor-column elementor-col-100 elementor-top-column elementor-element elementor-element-0ec4c02\" data-id=\"0ec4c02\" data-element_type=\"column\">\n\t\t\t<div class=\"elementor-widget-wrap elementor-element-populated\">\n\t\t\t\t\t\t<div class=\"elementor-element elementor-element-cf0ddd1 elementor-widget elementor-widget-heading\" data-id=\"cf0ddd1\" data-element_type=\"widget\" data-widget_type=\"heading.default\">\n\t\t\t\t<div class=\"elementor-widget-container\">\n\t\t\t<style>\/*! elementor - v3.20.0 - 20-03-2024 *\/\n.elementor-heading-title{padding:0;margin:0;line-height:1}.elementor-widget-heading .elementor-heading-title[class*=elementor-size-]>a{color:inherit;font-size:inherit;line-height:inherit}.elementor-widget-heading .elementor-heading-title.elementor-size-small{font-size:15px}.elementor-widget-heading .elementor-heading-title.elementor-size-medium{font-size:19px}.elementor-widget-heading .elementor-heading-title.elementor-size-large{font-size:29px}.elementor-widget-heading .elementor-heading-title.elementor-size-xl{font-size:39px}.elementor-widget-heading .elementor-heading-title.elementor-size-xxl{font-size:59px}<\/style><h2 class=\"elementor-heading-title elementor-size-default\">CDC 2 - R\u00e9cr\u00e9atif <\/h2>\t\t<\/div>\n\t\t\t\t<\/div>\n\t\t\t\t<div class=\"elementor-element elementor-element-641548f elementor-widget elementor-widget-text-editor\" data-id=\"641548f\" data-element_type=\"widget\" data-widget_type=\"text-editor.default\">\n\t\t\t\t<div class=\"elementor-widget-container\">\n\t\t\t<style>\/*! elementor - v3.20.0 - 20-03-2024 *\/\n.elementor-widget-text-editor.elementor-drop-cap-view-stacked .elementor-drop-cap{background-color:#69727d;color:#fff}.elementor-widget-text-editor.elementor-drop-cap-view-framed .elementor-drop-cap{color:#69727d;border:3px solid;background-color:transparent}.elementor-widget-text-editor:not(.elementor-drop-cap-view-default) .elementor-drop-cap{margin-top:8px}.elementor-widget-text-editor:not(.elementor-drop-cap-view-default) .elementor-drop-cap-letter{width:1em;height:1em}.elementor-widget-text-editor .elementor-drop-cap{float:left;text-align:center;line-height:1;font-size:50px}.elementor-widget-text-editor .elementor-drop-cap-letter{display:inline-block}<\/style>\t\t\t\t<ul><li><strong>\u00c0 la base (U4-U8)<\/strong><\/li><li><strong>Ligue interne (U9-U16)<\/strong><\/li><\/ul>\t\t\t\t\t\t<\/div>\n\t\t\t\t<\/div>\n\t\t\t\t<div class=\"elementor-element elementor-element-3a8879b elementor-widget elementor-widget-spacer\" data-id=\"3a8879b\" data-element_type=\"widget\" data-widget_type=\"spacer.default\">\n\t\t\t\t<div class=\"elementor-widget-container\">\n\t\t\t<style>\/*! elementor - v3.20.0 - 20-03-2024 *\/\n.elementor-column .elementor-spacer-inner{height:var(--spacer-size)}.e-con{--container-widget-width:100%}.e-con-inner>.elementor-widget-spacer,.e-con>.elementor-widget-spacer{width:var(--container-widget-width,var(--spacer-size));--align-self:var(--container-widget-align-self,initial);--flex-shrink:0}.e-con-inner>.elementor-widget-spacer>.elementor-widget-container,.e-con>.elementor-widget-spacer>.elementor-widget-container{height:100%;width:100%}.e-con-inner>.elementor-widget-spacer>.elementor-widget-container>.elementor-spacer,.e-con>.elementor-widget-spacer>.elementor-widget-container>.elementor-spacer{height:100%}.e-con-inner>.elementor-widget-spacer>.elementor-widget-container>.elementor-spacer>.elementor-spacer-inner,.e-con>.elementor-widget-spacer>.elementor-widget-container>.elementor-spacer>.elementor-spacer-inner{height:var(--container-widget-height,var(--spacer-size))}.e-con-inner>.elementor-widget-spacer.elementor-widget-empty,.e-con>.elementor-widget-spacer.elementor-widget-empty{position:relative;min-height:22px;min-width:22px}.e-con-inner>.elementor-widget-spacer.elementor-widget-empty .elementor-widget-empty-icon,.e-con>.elementor-widget-spacer.elementor-widget-empty .elementor-widget-empty-icon{position:absolute;top:0;bottom:0;left:0;right:0;margin:auto;padding:0;width:22px;height:22px}<\/style>\t\t<div class=\"elementor-spacer\">\n\t\t\t<div class=\"elementor-spacer-inner\"><\/div>\n\t\t<\/div>\n\t\t\t\t<\/div>\n\t\t\t\t<\/div>\n\t\t\t\t<div class=\"elementor-element elementor-element-77b78e9 elementor-widget elementor-widget-text-editor\" data-id=\"77b78e9\" data-element_type=\"widget\" data-widget_type=\"text-editor.default\">\n\t\t\t\t<div class=\"elementor-widget-container\">\n\t\t\t\t\t\t\t<p>Le CDC-2 est un programme de soccer r\u00e9cr\u00e9atif pour les filles (F) et les gar\u00e7ons (M) qui est cat\u00e9goris\u00e9 par ann\u00e9e de naissance et de genre. Aucune exp\u00e9rience, s\u00e9lections, photos ou passeports de soccer ne sont requis. Les prot\u00e8ge-tibias et les chaussures de soccer d'ext\u00e9rieur sont obligatoires et doivent \u00eatre fournis par les participants. Les frais d'activit\u00e9 associ\u00e9s comprennent un ensemble de tenue de soccer par joueur, comprenant un maillot, un short, des chaussettes, un ballon de soccer et un sac \u00e0 dos, et incluent les taxes.<\/p><p><strong>Emplacement<\/strong>: <a href=\"https:\/\/www.soccerstl.ca\/en\/interior-field\/\">Parc Marcel-Laurin<\/a><\/p><p><strong>Dur\u00e9e :<\/strong> 12 weeks<\/p><p><strong>Fr\u00e9quence:<\/strong> Deux fois par semaine, une heure par session<\/p><p><strong>Jours :<\/strong> Du lundi au vendredi<\/p><p><strong>Date \/ Heure (\u00c9t\u00e9 2024) :<\/strong> TBD<\/p><p><strong>Pour plus d'informations :<\/strong> Veuillez contacter <a href=\"mailto:teams@soccerstl.ca\">\u00e9quipes@soccerstl.ca<\/a> et inclure 'CDC-2' dans la ligne d'objet.<\/p>\t\t\t\t\t\t<\/div>\n\t\t\t\t<\/div>\n\t\t\t\t<div class=\"elementor-element elementor-element-6e8fc31 elementor-widget elementor-widget-spacer\" data-id=\"6e8fc31\" data-element_type=\"widget\" data-widget_type=\"spacer.default\">\n\t\t\t\t<div class=\"elementor-widget-container\">\n\t\t\t\t\t<div class=\"elementor-spacer\">\n\t\t\t<div class=\"elementor-spacer-inner\"><\/div>\n\t\t<\/div>\n\t\t\t\t<\/div>\n\t\t\t\t<\/div>\n\t\t\t\t<div class=\"elementor-element elementor-element-7347226 elementor-widget elementor-widget-heading\" data-id=\"7347226\" data-element_type=\"widget\" data-widget_type=\"heading.default\">\n\t\t\t\t<div class=\"elementor-widget-container\">\n\t\t\t<h2 class=\"elementor-heading-title elementor-size-default\">Inscription - Nouveaux membres : <\/h2>\t\t<\/div>\n\t\t\t\t<\/div>\n\t\t\t\t<div class=\"elementor-element elementor-element-c469e21 elementor-widget elementor-widget-text-editor\" data-id=\"c469e21\" data-element_type=\"widget\" data-widget_type=\"text-editor.default\">\n\t\t\t\t<div class=\"elementor-widget-container\">\n\t\t\t\t\t\t\t<ol><li>Si le participant s'inscrit pour la premi\u00e8re fois, une photo claire et num\u00e9rique de la carte Medicare du participant ou d'un document gouvernemental \u00e9quivalent (identifiant leur ann\u00e9e de naissance) est obligatoire et doit \u00eatre attach\u00e9e num\u00e9riquement lors de l'inscription en ligne ou envoy\u00e9e rapidement par e-mail \u00e0 <a href=\"mailto:teams@soccerstl.ca\">\u00e9quipes@soccerstl.ca<\/a> afin de confirmer l'inscription.<\/li><li>Voici ce qui est consid\u00e9r\u00e9 comme de nouveaux membres : 1) Le participant n'a jamais \u00e9t\u00e9 inscrit dans un club de soccer au Qu\u00e9bec. 2) Les participants qui se sont uniquement inscrits au Camp de soccer de Saint-Laurent ou au programme EDS (et n'ont jamais \u00e9t\u00e9 inscrits aux programmes CDC-1, CDC-2, LDIR, LSEQ, PLSJQ ou PLSQ). 3) Les participants qui \u00e9taient inscrits la saison pass\u00e9e dans un club diff\u00e9rent.<\/li><\/ol>\t\t\t\t\t\t<\/div>\n\t\t\t\t<\/div>\n\t\t\t\t<div class=\"elementor-element elementor-element-6bd529c elementor-align-center elementor-widget elementor-widget-button\" data-id=\"6bd529c\" data-element_type=\"widget\" data-widget_type=\"button.default\">\n\t\t\t\t<div class=\"elementor-widget-container\">\n\t\t\t\t\t<div class=\"elementor-button-wrapper\">\n\t\t\t<a class=\"elementor-button elementor-button-link elementor-size-sm\" href=\"https:\/\/page.spordle.com\/fr\/st-laurent-c\">\n\t\t\t\t\t\t<span class=\"elementor-button-content-wrapper\">\n\t\t\t\t\t\t<span class=\"elementor-button-text\">S'INSCRIRE<\/span>\n\t\t<\/span>\n\t\t\t\t\t<\/a>\n\t\t<\/div>\n\t\t\t\t<\/div>\n\t\t\t\t<\/div>\n\t\t\t\t\t<\/div>\n\t\t<\/div>\n\t\t\t\t\t<\/div>\n\t\t<\/section>\n\t\t\t\t<\/div>","protected":false},"excerpt":{"rendered":"<p>CDC 2 &#8211; Recreational Grassroots (U4-U8) House Ligue (U9-U16) CDC-2 is a recreational soccer program for girls (F) and boys (M) that is categorized by year of birth and gender. No experience, tryouts, photos, or soccer passports are required.\u00a0 Shin pads and outdoor soccer shoes are mandatory and must be supplied by the participants. The [&hellip;]<\/p>","protected":false},"author":1,"featured_media":0,"parent":0,"menu_order":0,"comment_status":"closed","ping_status":"closed","template":"","meta":{"footnotes":""},"class_list":["post-1355","page","type-page","status-publish","hentry"],"_links":{"self":[{"href":"https:\/\/saint.bhpmedia.ca\/francais\/wp-json\/wp\/v2\/pages\/1355","targetHints":{"allow":["GET"]}}],"collection":[{"href":"https:\/\/saint.bhpmedia.ca\/francais\/wp-json\/wp\/v2\/pages"}],"about":[{"href":"https:\/\/saint.bhpmedia.ca\/francais\/wp-json\/wp\/v2\/types\/page"}],"author":[{"embeddable":true,"href":"https:\/\/saint.bhpmedia.ca\/francais\/wp-json\/wp\/v2\/users\/1"}],"replies":[{"embeddable":true,"href":"https:\/\/saint.bhpmedia.ca\/francais\/wp-json\/wp\/v2\/comments?post=1355"}],"version-history":[{"count":47,"href":"https:\/\/saint.bhpmedia.ca\/francais\/wp-json\/wp\/v2\/pages\/1355\/revisions"}],"predecessor-version":[{"id":2063,"href":"https:\/\/saint.bhpmedia.ca\/francais\/wp-json\/wp\/v2\/pages\/1355\/revisions\/2063"}],"wp:attachment":[{"href":"https:\/\/saint.bhpmedia.ca\/francais\/wp-json\/wp\/v2\/media?parent=1355"}],"curies":[{"name":"wp","href":"https:\/\/api.w.org\/{rel}","templated":true}]}}